{"id":94057,"date":"2026-03-05T16:03:04","date_gmt":"2026-03-05T15:03:04","guid":{"rendered":"https:\/\/hajimekarate.com\/?post_type=product&#038;p=94057"},"modified":"2026-03-05T18:36:04","modified_gmt":"2026-03-05T17:36:04","slug":"mochila-de-karate-tokaido-jka","status":"publish","type":"product","link":"https:\/\/hajimekarate.com\/pt-pt\/comprar\/mochila-de-karate-tokaido-jka\/","title":{"rendered":"Saco-Mochila de Karat\u00e9 | Tokaido | JKA"},"content":{"rendered":"","protected":false},"excerpt":{"rendered":"<p data-start=\"165\" data-end=\"398\">Saco de desporto Tokaido com o log\u00f3tipo oficial da JKA bordado. O seu tamanho m\u00e9dio torna-o uma op\u00e7\u00e3o ideal tanto para o treino di\u00e1rio, como para levar tudo o que \u00e9 necess\u00e1rio para um curso ou semin\u00e1rio de fim de semana. <\/p>\n<p data-start=\"400\" data-end=\"537\">Possui um amplo compartimento principal com fecho de correr de grande abertura, que facilita guardar e aceder ao equipamento com comodidade.<\/p>\n<p data-start=\"539\" data-end=\"572\">Dimens\u00f5es: 60 \u00d7 30 \u00d7 25 cm.<\/p>\n","protected":false},"featured_media":94046,"template":"","meta":{"_joinchat":[]},"product_brand":[],"product_cat":[3345,2493,3150,333,340],"product_tag":[2622],"class_list":{"0":"post-94057","1":"product","2":"type-product","3":"status-publish","4":"has-post-thumbnail","6":"product_cat-sacos-de-desporto-pt","7":"product_cat-sacos-karate","8":"product_cat-tokaido-pt","9":"product_cat-acessorios-pt","10":"product_cat-marcas","11":"product_tag-club-10-pt","13":"first","14":"instock","15":"taxable","16":"shipping-taxable","17":"purchasable","18":"product-type-simple"},"_links":{"self":[{"href":"https:\/\/hajimekarate.com\/pt-pt\/wp-json\/wp\/v2\/product\/94057","targetHints":{"allow":["GET"]}}],"collection":[{"href":"https:\/\/hajimekarate.com\/pt-pt\/wp-json\/wp\/v2\/product"}],"about":[{"href":"https:\/\/hajimekarate.com\/pt-pt\/wp-json\/wp\/v2\/types\/product"}],"wp:featuredmedia":[{"embeddable":true,"href":"https:\/\/hajimekarate.com\/pt-pt\/wp-json\/wp\/v2\/media\/94046"}],"wp:attachment":[{"href":"https:\/\/hajimekarate.com\/pt-pt\/wp-json\/wp\/v2\/media?parent=94057"}],"wp:term":[{"taxonomy":"product_brand","embeddable":true,"href":"https:\/\/hajimekarate.com\/pt-pt\/wp-json\/wp\/v2\/product_brand?post=94057"},{"taxonomy":"product_cat","embeddable":true,"href":"https:\/\/hajimekarate.com\/pt-pt\/wp-json\/wp\/v2\/product_cat?post=94057"},{"taxonomy":"product_tag","embeddable":true,"href":"https:\/\/hajimekarate.com\/pt-pt\/wp-json\/wp\/v2\/product_tag?post=94057"}],"curies":[{"name":"wp","href":"https:\/\/api.w.org\/{rel}","templated":true}]}}