{"id":9370,"date":"2019-05-29T15:21:23","date_gmt":"2019-05-29T13:21:23","guid":{"rendered":"https:\/\/hajimekarate.com\/comprar\/tatami-japones-de-karate-fuji-homologado-jkf\/"},"modified":"2025-08-01T17:38:54","modified_gmt":"2025-08-01T15:38:54","slug":"tatami-japones-de-karate-fuji-homologado-jkf","status":"publish","type":"product","link":"https:\/\/hajimekarate.com\/pt-pt\/comprar\/tatami-japones-de-karate-fuji-homologado-jkf\/","title":{"rendered":"Tatami Japon\u00eas Azul-Branco para Karat\u00e9 &#8211; Homologado pela JKF"},"content":{"rendered":"[vc_row type=&#8221;in_container&#8221; full_screen_row_position=&#8221;middle&#8221; column_margin=&#8221;default&#8221; column_direction=&#8221;default&#8221; column_direction_tablet=&#8221;default&#8221; column_direction_phone=&#8221;default&#8221; scene_position=&#8221;center&#8221; text_color=&#8221;dark&#8221; text_align=&#8221;left&#8221; row_border_radius=&#8221;none&#8221; row_border_radius_applies=&#8221;bg&#8221; overflow=&#8221;visible&#8221; overlay_strength=&#8221;0.3&#8243; gradient_direction=&#8221;left_to_right&#8221; shape_divider_position=&#8221;bottom&#8221; bg_image_animation=&#8221;none&#8221;][vc_column column_padding=&#8221;no-extra-padding&#8221; column_padding_tablet=&#8221;inherit&#8221; column_padding_phone=&#8221;inherit&#8221; column_padding_position=&#8221;all&#8221; column_element_direction_desktop=&#8221;default&#8221; column_element_spacing=&#8221;default&#8221; desktop_text_alignment=&#8221;default&#8221; tablet_text_alignment=&#8221;default&#8221; phone_text_alignment=&#8221;default&#8221; background_color_opacity=&#8221;1&#8243; background_hover_color_opacity=&#8221;1&#8243; column_backdrop_filter=&#8221;none&#8221; column_shadow=&#8221;none&#8221; column_border_radius=&#8221;none&#8221; column_link_target=&#8221;_self&#8221; column_position=&#8221;default&#8221; gradient_direction=&#8221;left_to_right&#8221; overlay_strength=&#8221;0.3&#8243; width=&#8221;1\/1&#8243; tablet_width_inherit=&#8221;default&#8221; animation_type=&#8221;default&#8221; bg_image_animation=&#8221;none&#8221; border_type=&#8221;simple&#8221; column_border_width=&#8221;none&#8221; column_border_style=&#8221;solid&#8221;][vc_column_text]Os principais Dojos, escolas de Karat\u00e9 e gin\u00e1sios por todo os Jap\u00e3o, assim como as instala\u00e7\u00f5es p\u00fablicas do Nihon Budokan, onde tiveram lugar as provas de Karat\u00e9 dos Jogos Ol\u00edmpicos de T\u00f3quio 2020, utilizam este Tatami. \u00c9 recomendado tanto para competi\u00e7\u00f5es oficiais como para treino.<\/p>\n<p><strong>Material:<\/strong> Espuma de Poliolefina<\/p>\n<p><strong>Fabrica\u00e7\u00e3o:<\/strong> Jap\u00e3o 100 %.<\/p>\n<p><strong>Medidas:<\/strong> 102,5 cm x 102,5 cm x 1,5 cm<\/p>\n<p><strong>Peso:<\/strong> 2 Kg\/pe\u00e7a<\/p>\n<p><strong>Cor:<\/strong> Branco\/Azul revers\u00edvel<\/p>\n<p><strong>M\u00e9todo de limpeza:<\/strong> Passar o Tatami com \u00e1gua e\/ou detergente neutro utilizando um &#8220;Tawashi&#8221; ou algo semelhante, como a erva esparto, ou usar uma esfregona suave. N\u00e3o friccionar com excesso de for\u00e7a, pois pode danificar o Tatami. De seguida enxaguar bem com \u00e1gua. Deixar secar \u00e0 sombra num local bem ventilado.[\/vc_column_text][\/vc_column][\/vc_row]\n","protected":false},"excerpt":{"rendered":"<p>Tatami para Karat\u00e9 homologado pela Federa\u00e7\u00e3o Japonesa de Karat\u00e9. Material: Espuma de Poliolefina. 100% fabricado no Jap\u00e3o A Hajime Karate disponibiliza-o em exclusividade. Contacte-nos e pe\u00e7a um or\u00e7amento.<\/p>\n<p><em>Os portes de envio ser\u00e3o calculados separadamente com base na quantidade de pe\u00e7as compradas, pois dependem do peso e do volume total da mercadoria. A Hajime Karate n\u00e3o \u00e9 respons\u00e1vel pelo servi\u00e7o ou assist\u00eancia p\u00f3s-venda.<\/em><\/p>\n","protected":false},"featured_media":64162,"template":"","meta":{"_joinchat":[]},"product_brand":[],"product_cat":[348],"product_tag":[],"class_list":{"0":"post-9370","1":"product","2":"type-product","3":"status-publish","4":"has-post-thumbnail","6":"product_cat-tatami","8":"first","9":"outofstock","10":"taxable","11":"shipping-taxable","12":"purchasable","13":"product-type-variable"},"_links":{"self":[{"href":"https:\/\/hajimekarate.com\/pt-pt\/wp-json\/wp\/v2\/product\/9370","targetHints":{"allow":["GET"]}}],"collection":[{"href":"https:\/\/hajimekarate.com\/pt-pt\/wp-json\/wp\/v2\/product"}],"about":[{"href":"https:\/\/hajimekarate.com\/pt-pt\/wp-json\/wp\/v2\/types\/product"}],"wp:featuredmedia":[{"embeddable":true,"href":"https:\/\/hajimekarate.com\/pt-pt\/wp-json\/wp\/v2\/media\/64162"}],"wp:attachment":[{"href":"https:\/\/hajimekarate.com\/pt-pt\/wp-json\/wp\/v2\/media?parent=9370"}],"wp:term":[{"taxonomy":"product_brand","embeddable":true,"href":"https:\/\/hajimekarate.com\/pt-pt\/wp-json\/wp\/v2\/product_brand?post=9370"},{"taxonomy":"product_cat","embeddable":true,"href":"https:\/\/hajimekarate.com\/pt-pt\/wp-json\/wp\/v2\/product_cat?post=9370"},{"taxonomy":"product_tag","embeddable":true,"href":"https:\/\/hajimekarate.com\/pt-pt\/wp-json\/wp\/v2\/product_tag?post=9370"}],"curies":[{"name":"wp","href":"https:\/\/api.w.org\/{rel}","templated":true}]}}