{"id":9286,"date":"2019-05-03T21:00:47","date_gmt":"2019-05-03T19:00:47","guid":{"rendered":"https:\/\/hajimekarate.com\/comprar\/cinturon-seda-satin-shotokan-karate-do\/"},"modified":"2025-12-15T15:33:02","modified_gmt":"2025-12-15T14:33:02","slug":"cinto-seda-acetinada-shotokan-karate-do","status":"publish","type":"product","link":"https:\/\/hajimekarate.com\/pt-pt\/comprar\/cinto-seda-acetinada-shotokan-karate-do\/","title":{"rendered":"Cinto Seda Acetinada Shotokan Karat\u00e9-Do"},"content":{"rendered":"<p>Cinto de seda acetinada com bordado dos Kanjis \u201cShotokan Karat\u00e9-do\u201d. Cinto de seda acetinada de elevada qualidade, feito artesanalmente na f\u00e1brica da Shureido em Okinawa. A cor do bordado \u00e9 a cor padr\u00e3o. Este tipo de bordado n\u00e3o atravessa o cinto. \u00c9 um cinto tradicional do estilo Shotokan Karat\u00e9-do com presen\u00e7a e bordado de grande precis\u00e3o e eleg\u00e2ncia. \u00c9 ideal para Senseis deste estilo de Karat\u00e9 e para estudantes que tenham alcan\u00e7ado o desejado cinto preto.<\/p>\n","protected":false},"excerpt":{"rendered":"<p>Cinto de Seda Acetinada com bordado dos Kanjis &#8220;Shotokan Karat\u00e9-do&#8221;.<\/p>\n","protected":false},"featured_media":9281,"template":"","meta":{"_joinchat":[]},"product_brand":[],"product_cat":[331,2405,332],"product_tag":[2622],"class_list":{"0":"post-9286","1":"product","2":"type-product","3":"status-publish","4":"has-post-thumbnail","6":"product_cat-cintos-pretos","7":"product_cat-competidores-landing-personalizacao","8":"product_cat-cintos-shureido","9":"product_tag-club-10-pt","11":"first","12":"instock","13":"taxable","14":"shipping-taxable","15":"purchasable","16":"product-type-variable"},"_links":{"self":[{"href":"https:\/\/hajimekarate.com\/pt-pt\/wp-json\/wp\/v2\/product\/9286","targetHints":{"allow":["GET"]}}],"collection":[{"href":"https:\/\/hajimekarate.com\/pt-pt\/wp-json\/wp\/v2\/product"}],"about":[{"href":"https:\/\/hajimekarate.com\/pt-pt\/wp-json\/wp\/v2\/types\/product"}],"wp:featuredmedia":[{"embeddable":true,"href":"https:\/\/hajimekarate.com\/pt-pt\/wp-json\/wp\/v2\/media\/9281"}],"wp:attachment":[{"href":"https:\/\/hajimekarate.com\/pt-pt\/wp-json\/wp\/v2\/media?parent=9286"}],"wp:term":[{"taxonomy":"product_brand","embeddable":true,"href":"https:\/\/hajimekarate.com\/pt-pt\/wp-json\/wp\/v2\/product_brand?post=9286"},{"taxonomy":"product_cat","embeddable":true,"href":"https:\/\/hajimekarate.com\/pt-pt\/wp-json\/wp\/v2\/product_cat?post=9286"},{"taxonomy":"product_tag","embeddable":true,"href":"https:\/\/hajimekarate.com\/pt-pt\/wp-json\/wp\/v2\/product_tag?post=9286"}],"curies":[{"name":"wp","href":"https:\/\/api.w.org\/{rel}","templated":true}]}}