{"id":9260,"date":"2019-04-30T13:24:31","date_gmt":"2019-04-30T11:24:31","guid":{"rendered":"https:\/\/hajimekarate.com\/comprar\/bolsa-mochila-kaiten\/"},"modified":"2025-07-08T12:43:39","modified_gmt":"2025-07-08T10:43:39","slug":"saco-mochila-kaiten","status":"publish","type":"product","link":"https:\/\/hajimekarate.com\/pt-pt\/comprar\/saco-mochila-kaiten\/","title":{"rendered":"Saco-Mochila Kaiten"},"content":{"rendered":"<p>Saco-mochila da Kaiten ideal para Karat\u00e9, com 60 litros de capacidade. Dimens\u00f5es: 67 x 33 x 42 cm. Cor: Preto. As pegas para transporte manual s\u00e3o almofadadas e tamb\u00e9m servem como as al\u00e7as para os ombros. Assim, o saco tanto pode ser transportado manualmente como \u00e0s costas. Poder\u00e1s transportar prote\u00e7\u00f5es, Karateguis, toalhas e outros artigos \u00fateis. O compartimento principal \u00e9 acolchoado e com fecho, o bolso frontal tem pequenos bolsos interiores em rede e possui um compartimento traseiro tipo &#8220;t\u00fanel&#8221; com fecho. Todos os fechos externos deste saco-mochila s\u00e3o selados e, portanto, impedem que humidade penetre. O fundo \u00e9 acolchoado e refor\u00e7ado, tem pormenores com refletores e um fecho intercambi\u00e1vel.<\/p>\n","protected":false},"excerpt":{"rendered":"<p>Saco-mochila da Kaiten de grande capacidade em cor preta. Capacidade: 60 litros. Dimens\u00f5es: 67 x 33 x 42 cm. Dispon\u00edvel a pedido. ** Personaliz\u00e1vel: info@hajimekarate.com<\/p>\n","protected":false},"featured_media":9255,"template":"","meta":{"_joinchat":[]},"product_brand":[],"product_cat":[1793,2493,333],"product_tag":[2627],"class_list":{"0":"post-9260","1":"product","2":"type-product","3":"status-publish","4":"has-post-thumbnail","6":"product_cat-complemento-competidores-de-desembarque","7":"product_cat-sacos-karate","8":"product_cat-acessorios-pt","9":"product_tag-club-15-pt","11":"first","12":"outofstock","13":"taxable","14":"shipping-taxable","15":"purchasable","16":"product-type-simple"},"_links":{"self":[{"href":"https:\/\/hajimekarate.com\/pt-pt\/wp-json\/wp\/v2\/product\/9260","targetHints":{"allow":["GET"]}}],"collection":[{"href":"https:\/\/hajimekarate.com\/pt-pt\/wp-json\/wp\/v2\/product"}],"about":[{"href":"https:\/\/hajimekarate.com\/pt-pt\/wp-json\/wp\/v2\/types\/product"}],"wp:featuredmedia":[{"embeddable":true,"href":"https:\/\/hajimekarate.com\/pt-pt\/wp-json\/wp\/v2\/media\/9255"}],"wp:attachment":[{"href":"https:\/\/hajimekarate.com\/pt-pt\/wp-json\/wp\/v2\/media?parent=9260"}],"wp:term":[{"taxonomy":"product_brand","embeddable":true,"href":"https:\/\/hajimekarate.com\/pt-pt\/wp-json\/wp\/v2\/product_brand?post=9260"},{"taxonomy":"product_cat","embeddable":true,"href":"https:\/\/hajimekarate.com\/pt-pt\/wp-json\/wp\/v2\/product_cat?post=9260"},{"taxonomy":"product_tag","embeddable":true,"href":"https:\/\/hajimekarate.com\/pt-pt\/wp-json\/wp\/v2\/product_tag?post=9260"}],"curies":[{"name":"wp","href":"https:\/\/api.w.org\/{rel}","templated":true}]}}