{"id":9240,"date":"2019-04-29T18:20:55","date_gmt":"2019-04-29T16:20:55","guid":{"rendered":"https:\/\/hajimekarate.com\/comprar\/karategi-y-cinturon-kaiten-para-bebe-a-medida\/"},"modified":"2023-08-07T13:07:31","modified_gmt":"2023-08-07T11:07:31","slug":"karategui-y-cinturon-kaiten-para-bebe-a-medida","status":"publish","type":"product","link":"https:\/\/hajimekarate.com\/pt-pt\/comprar\/karategui-y-cinturon-kaiten-para-bebe-a-medida\/","title":{"rendered":"Karategui e Cinto Kaiten Para Beb\u00e9 (por Medida)"},"content":{"rendered":"<p>Oferecemos-lhe o Karategui Kaiten Shiro para beb\u00e9s 100% algod\u00e3o. Ideal para rec\u00e9m-nascidos. O Karategui Kaiten Shiro e o cinto da cor que desejar, fazemo-los \u00e0 medida do seu beb\u00e9. Pode vestir o seu futuro Karateca e ter uma mem\u00f3ria inesquec\u00edvel para toda a vida.<\/p>\n","protected":false},"excerpt":{"rendered":"<p>Karategui e cinto Kaiten feitos \u00e0 medida para o seu beb\u00e9. 100% algod\u00e3o. Encomende e diga-nos as medidas enviando um e-mail para info@hajimekarate.com ou seleccione-as abaixo.<\/p>\n","protected":false},"featured_media":9238,"template":"","meta":{"_joinchat":[]},"product_brand":[],"product_cat":[335,334],"product_tag":[],"class_list":{"0":"post-9240","1":"product","2":"type-product","3":"status-publish","4":"has-post-thumbnail","6":"product_cat-karateguis-kaiten","7":"product_cat-karateguis","9":"first","10":"onbackorder","11":"taxable","12":"shipping-taxable","13":"purchasable","14":"product-type-variable"},"_links":{"self":[{"href":"https:\/\/hajimekarate.com\/pt-pt\/wp-json\/wp\/v2\/product\/9240","targetHints":{"allow":["GET"]}}],"collection":[{"href":"https:\/\/hajimekarate.com\/pt-pt\/wp-json\/wp\/v2\/product"}],"about":[{"href":"https:\/\/hajimekarate.com\/pt-pt\/wp-json\/wp\/v2\/types\/product"}],"wp:featuredmedia":[{"embeddable":true,"href":"https:\/\/hajimekarate.com\/pt-pt\/wp-json\/wp\/v2\/media\/9238"}],"wp:attachment":[{"href":"https:\/\/hajimekarate.com\/pt-pt\/wp-json\/wp\/v2\/media?parent=9240"}],"wp:term":[{"taxonomy":"product_brand","embeddable":true,"href":"https:\/\/hajimekarate.com\/pt-pt\/wp-json\/wp\/v2\/product_brand?post=9240"},{"taxonomy":"product_cat","embeddable":true,"href":"https:\/\/hajimekarate.com\/pt-pt\/wp-json\/wp\/v2\/product_cat?post=9240"},{"taxonomy":"product_tag","embeddable":true,"href":"https:\/\/hajimekarate.com\/pt-pt\/wp-json\/wp\/v2\/product_tag?post=9240"}],"curies":[{"name":"wp","href":"https:\/\/api.w.org\/{rel}","templated":true}]}}