{"id":92173,"date":"2026-01-13T15:39:30","date_gmt":"2026-01-13T14:39:30","guid":{"rendered":"https:\/\/hajimekarate.com\/?post_type=product&#038;p=92173"},"modified":"2026-01-14T15:39:37","modified_gmt":"2026-01-14T14:39:37","slug":"cinto-branco-shureido-shiro-obi","status":"publish","type":"product","link":"https:\/\/hajimekarate.com\/pt-pt\/comprar\/cinto-branco-shureido-shiro-obi\/","title":{"rendered":"Cinto Branco B\u00e1sico SHUREIDO | Shiro Obi"},"content":{"rendered":"","protected":false},"excerpt":{"rendered":"<p>Fabricado em algod\u00e3o resistente, oferece um bom equil\u00edbrio entre flexibilidade e durabilidade, facilitando um n\u00f3 confort\u00e1vel e uma utiliza\u00e7\u00e3o cont\u00ednua em treinos regulares.<\/p>\n<p>O cinto branco (Shiro Obi) simboliza o in\u00edcio da jornada no karat\u00ea. Representa pureza, inoc\u00eancia e o estado de uma mente aberta e recetiva. \u00c9 a cor do principiante, algu\u00e9m pronto para aprender e absorver os fundamentos b\u00e1sicos do karate<\/p>\n","protected":false},"featured_media":92145,"template":"","meta":{"_joinchat":[]},"product_brand":[],"product_cat":[3369,328,332],"product_tag":[2622],"class_list":{"0":"post-92173","1":"product","2":"type-product","3":"status-publish","4":"has-post-thumbnail","6":"product_cat-cintos-de-cor","7":"product_cat-cintos-karate","8":"product_cat-cintos-shureido","9":"product_tag-club-10-pt","11":"first","12":"instock","13":"taxable","14":"shipping-taxable","15":"purchasable","16":"product-type-variable"},"_links":{"self":[{"href":"https:\/\/hajimekarate.com\/pt-pt\/wp-json\/wp\/v2\/product\/92173","targetHints":{"allow":["GET"]}}],"collection":[{"href":"https:\/\/hajimekarate.com\/pt-pt\/wp-json\/wp\/v2\/product"}],"about":[{"href":"https:\/\/hajimekarate.com\/pt-pt\/wp-json\/wp\/v2\/types\/product"}],"wp:featuredmedia":[{"embeddable":true,"href":"https:\/\/hajimekarate.com\/pt-pt\/wp-json\/wp\/v2\/media\/92145"}],"wp:attachment":[{"href":"https:\/\/hajimekarate.com\/pt-pt\/wp-json\/wp\/v2\/media?parent=92173"}],"wp:term":[{"taxonomy":"product_brand","embeddable":true,"href":"https:\/\/hajimekarate.com\/pt-pt\/wp-json\/wp\/v2\/product_brand?post=92173"},{"taxonomy":"product_cat","embeddable":true,"href":"https:\/\/hajimekarate.com\/pt-pt\/wp-json\/wp\/v2\/product_cat?post=92173"},{"taxonomy":"product_tag","embeddable":true,"href":"https:\/\/hajimekarate.com\/pt-pt\/wp-json\/wp\/v2\/product_tag?post=92173"}],"curies":[{"name":"wp","href":"https:\/\/api.w.org\/{rel}","templated":true}]}}