{"id":91757,"date":"2025-12-29T16:57:00","date_gmt":"2025-12-29T15:57:00","guid":{"rendered":"https:\/\/hajimekarate.com\/comprar\/camiseta-shureido-heart\/"},"modified":"2026-01-14T12:58:19","modified_gmt":"2026-01-14T11:58:19","slug":"t-shirt-shureido-heart","status":"publish","type":"product","link":"https:\/\/hajimekarate.com\/pt-pt\/comprar\/t-shirt-shureido-heart\/","title":{"rendered":"Camiseta SHUREIDO Heart"},"content":{"rendered":"<p>Camisolas Shureido modelo Heart dispon\u00edveis em branco ou preto. Dentro da palavra karat\u00e9 est\u00e3o os estilos de Okinawa Dento Karat\u00e9. <\/p>\n<p>100% algod\u00e3o<br \/>\nTamanhos dispon\u00edveis: S, M, L, XL e XXL<\/p>\n<div class=\"tabContainerTs\">\n<div class=\"FormatoTabTs\">\n<table class=\"tallasTs\">\n<caption>Medidas da camiseta SHUREIDO<br \/>\nModelo Okinawa.<\/caption>\n<thead>\n<tr>\n<th>Tamanho<\/th>\n<th>Largura<\/th>\n<th>Comprimento<\/th>\n<\/tr>\n<\/thead>\n<tbody>\n<tr>\n<td>S<\/td>\n<td>48<\/td>\n<td>64<\/td>\n<\/tr>\n<tr>\n<td>M<\/td>\n<td>52<\/td>\n<td>68<\/td>\n<\/tr>\n<tr>\n<td>L<\/td>\n<td>53<\/td>\n<td>73<\/td>\n<\/tr>\n<tr>\n<td>XL<\/td>\n<td>58<\/td>\n<td>78<\/td>\n<\/tr>\n<tr>\n<td>XXL<\/td>\n<td>61<\/td>\n<td>81<\/td>\n<\/tr>\n<\/tbody>\n<tfoot>\n<tr>\n<td colspan=\"3\">* Podem ocorrer ligeiras varia\u00e7\u00f5es nas medidas<\/td>\n<\/tr>\n<\/tfoot>\n<\/table>\n<p>&nbsp;<\/p>\n<\/div>\n<\/div>\n","protected":false},"excerpt":{"rendered":"<p>NOVA camiseta SHUREIDO Okinawa modelo cora\u00e7\u00e3o. Com os estilos Okinawa Dento Karate. 100% algod\u00e3o. T-shirt importada de Okinawa, Jap\u00e3o. Pedimos o envio para a Hajime aquando do teu pedido. Dispon\u00edvel em preta ou branca. Escolhe o teu tamanho.<\/p>\n","protected":false},"featured_media":91722,"template":"","meta":{"_joinchat":[]},"product_brand":[],"product_cat":[3341,333],"product_tag":[],"class_list":{"0":"post-91757","1":"product","2":"type-product","3":"status-publish","4":"has-post-thumbnail","6":"product_cat-t-shirts-pt","7":"product_cat-acessorios-pt","9":"first","10":"instock","11":"taxable","12":"shipping-taxable","13":"purchasable","14":"product-type-variable"},"_links":{"self":[{"href":"https:\/\/hajimekarate.com\/pt-pt\/wp-json\/wp\/v2\/product\/91757","targetHints":{"allow":["GET"]}}],"collection":[{"href":"https:\/\/hajimekarate.com\/pt-pt\/wp-json\/wp\/v2\/product"}],"about":[{"href":"https:\/\/hajimekarate.com\/pt-pt\/wp-json\/wp\/v2\/types\/product"}],"wp:featuredmedia":[{"embeddable":true,"href":"https:\/\/hajimekarate.com\/pt-pt\/wp-json\/wp\/v2\/media\/91722"}],"wp:attachment":[{"href":"https:\/\/hajimekarate.com\/pt-pt\/wp-json\/wp\/v2\/media?parent=91757"}],"wp:term":[{"taxonomy":"product_brand","embeddable":true,"href":"https:\/\/hajimekarate.com\/pt-pt\/wp-json\/wp\/v2\/product_brand?post=91757"},{"taxonomy":"product_cat","embeddable":true,"href":"https:\/\/hajimekarate.com\/pt-pt\/wp-json\/wp\/v2\/product_cat?post=91757"},{"taxonomy":"product_tag","embeddable":true,"href":"https:\/\/hajimekarate.com\/pt-pt\/wp-json\/wp\/v2\/product_tag?post=91757"}],"curies":[{"name":"wp","href":"https:\/\/api.w.org\/{rel}","templated":true}]}}