{"id":91594,"date":"2025-12-22T17:23:32","date_gmt":"2025-12-22T16:23:32","guid":{"rendered":"https:\/\/hajimekarate.com\/comprar\/sisha-goya-de-okinawa\/"},"modified":"2025-12-22T17:30:03","modified_gmt":"2025-12-22T16:30:03","slug":"sisha-goya-de-okinawa","status":"publish","type":"product","link":"https:\/\/hajimekarate.com\/pt-pt\/comprar\/sisha-goya-de-okinawa\/","title":{"rendered":"Sisha Goya de Okinawa"},"content":{"rendered":"<p>Os sisha s\u00e3o figuras tradicionais de le\u00f5es-c\u00e3es de Okinawa, Jap\u00e3o, que se acredita protegerem os lares e trazerem boa sorte. Geralmente s\u00e3o vendidos em pares e combinam patrim\u00f3nio cultural, simbolismo espiritual e apelo decorativo. <\/p>\n","protected":false},"excerpt":{"rendered":"<p>Na cultura de Okinawa, a goya representa sa\u00fade e vitalidade, associadas a uma vida longa e equilibrada. Este par de sisha repousando sobre uma goya, o mel\u00e3o amargo tradicional de Okinawa, simboliza a mistura de prote\u00e7\u00e3o, boa sorte e bem-estar. Uma pe\u00e7a decorativa com profundo significado cultural, ideal para atrair energia e proteger o lar.  <\/p>\n<p>Dispon\u00edvel em dois tamanhos:<br \/>\n11 x 5 x 3 cm<br \/>\n7 x 3 x 2 cm<\/p>\n","protected":false},"featured_media":91573,"template":"","meta":{"_joinchat":[]},"product_brand":[],"product_cat":[1129,802],"product_tag":[],"class_list":{"0":"post-91594","1":"product","2":"type-product","3":"status-publish","4":"has-post-thumbnail","6":"product_cat-decoracao","7":"product_cat-exclusivo-hajime","9":"first","10":"outofstock","11":"taxable","12":"shipping-taxable","13":"purchasable","14":"product-type-variable"},"_links":{"self":[{"href":"https:\/\/hajimekarate.com\/pt-pt\/wp-json\/wp\/v2\/product\/91594","targetHints":{"allow":["GET"]}}],"collection":[{"href":"https:\/\/hajimekarate.com\/pt-pt\/wp-json\/wp\/v2\/product"}],"about":[{"href":"https:\/\/hajimekarate.com\/pt-pt\/wp-json\/wp\/v2\/types\/product"}],"wp:featuredmedia":[{"embeddable":true,"href":"https:\/\/hajimekarate.com\/pt-pt\/wp-json\/wp\/v2\/media\/91573"}],"wp:attachment":[{"href":"https:\/\/hajimekarate.com\/pt-pt\/wp-json\/wp\/v2\/media?parent=91594"}],"wp:term":[{"taxonomy":"product_brand","embeddable":true,"href":"https:\/\/hajimekarate.com\/pt-pt\/wp-json\/wp\/v2\/product_brand?post=91594"},{"taxonomy":"product_cat","embeddable":true,"href":"https:\/\/hajimekarate.com\/pt-pt\/wp-json\/wp\/v2\/product_cat?post=91594"},{"taxonomy":"product_tag","embeddable":true,"href":"https:\/\/hajimekarate.com\/pt-pt\/wp-json\/wp\/v2\/product_tag?post=91594"}],"curies":[{"name":"wp","href":"https:\/\/api.w.org\/{rel}","templated":true}]}}