{"id":91311,"date":"2025-12-15T18:06:58","date_gmt":"2025-12-15T17:06:58","guid":{"rendered":"https:\/\/hajimekarate.com\/comprar\/sisha-de-vidro-azul-violeta-verde-transparente\/"},"modified":"2025-12-22T16:39:29","modified_gmt":"2025-12-22T15:39:29","slug":"sisha-de-vidro-azul-violeta-verde-transparente","status":"publish","type":"product","link":"https:\/\/hajimekarate.com\/pt-pt\/comprar\/sisha-de-vidro-azul-violeta-verde-transparente\/","title":{"rendered":"Sisha de vidro | Azul | Violeta | Verde | Transparente"},"content":{"rendered":"<p>Os sisha s\u00e3o figuras tradicionais de le\u00f5es-c\u00e3es de Okinawa, Jap\u00e3o, que se acredita protegerem os lares e trazerem boa sorte. Geralmente s\u00e3o vendidos em pares e combinam patrim\u00f3nio cultural, simbolismo espiritual e apelo decorativo. <\/p>\n","protected":false},"excerpt":{"rendered":"<p>Este belo par de shisa de cristal representa os tradicionais le\u00f5es guardi\u00f5es de Okinawa, protetores dos lares e portadores de boa sorte. Feitos artesanalmente em tons vibrantes de verde, azul, roxo e transparente.<\/p>\n<p>Dimens\u00f5es: 5,5 x 5,5 x 5,5 cm<\/p>\n","protected":false},"featured_media":91285,"template":"","meta":{"_joinchat":[]},"product_brand":[],"product_cat":[1129,802],"product_tag":[],"class_list":{"0":"post-91311","1":"product","2":"type-product","3":"status-publish","4":"has-post-thumbnail","6":"product_cat-decoracao","7":"product_cat-exclusivo-hajime","9":"first","10":"outofstock","11":"taxable","12":"shipping-taxable","13":"purchasable","14":"product-type-variable"},"_links":{"self":[{"href":"https:\/\/hajimekarate.com\/pt-pt\/wp-json\/wp\/v2\/product\/91311","targetHints":{"allow":["GET"]}}],"collection":[{"href":"https:\/\/hajimekarate.com\/pt-pt\/wp-json\/wp\/v2\/product"}],"about":[{"href":"https:\/\/hajimekarate.com\/pt-pt\/wp-json\/wp\/v2\/types\/product"}],"wp:featuredmedia":[{"embeddable":true,"href":"https:\/\/hajimekarate.com\/pt-pt\/wp-json\/wp\/v2\/media\/91285"}],"wp:attachment":[{"href":"https:\/\/hajimekarate.com\/pt-pt\/wp-json\/wp\/v2\/media?parent=91311"}],"wp:term":[{"taxonomy":"product_brand","embeddable":true,"href":"https:\/\/hajimekarate.com\/pt-pt\/wp-json\/wp\/v2\/product_brand?post=91311"},{"taxonomy":"product_cat","embeddable":true,"href":"https:\/\/hajimekarate.com\/pt-pt\/wp-json\/wp\/v2\/product_cat?post=91311"},{"taxonomy":"product_tag","embeddable":true,"href":"https:\/\/hajimekarate.com\/pt-pt\/wp-json\/wp\/v2\/product_tag?post=91311"}],"curies":[{"name":"wp","href":"https:\/\/api.w.org\/{rel}","templated":true}]}}