{"id":9082,"date":"2019-04-02T19:54:56","date_gmt":"2019-04-02T17:54:56","guid":{"rendered":"https:\/\/hajimekarate.com\/comprar\/9082\/"},"modified":"2026-01-26T11:21:16","modified_gmt":"2026-01-26T10:21:16","slug":"t-shirt-shureido-modelo-okinawa","status":"publish","type":"product","link":"https:\/\/hajimekarate.com\/pt-pt\/comprar\/t-shirt-shureido-modelo-okinawa\/","title":{"rendered":"T-shirt Shureido Modelo Okinawa"},"content":{"rendered":"<p>T-shirt Shureido t\u00e9cnica cor negra. Leve, confort\u00e1vel e respir\u00e1vel 100% poli\u00e9ster. Edi\u00e7\u00e3o limitada em Europa. Distribui\u00e7\u00e3o exclusiva em Europa pela Hajime Karate.<\/p>\n","protected":false},"excerpt":{"rendered":"<p>T-shirt t\u00e9cnica da Shureido &#8220;we love karate&#8221; cor preta, modelo Okinawa. Leve, confort\u00e1vel e respir\u00e1vel 100 % Poli\u00e9ster. Edi\u00e7\u00e3o limitada na Europa. Distribui\u00e7\u00e3o exclusiva pela Hajime Karate.<\/p>\n","protected":false},"featured_media":36313,"template":"","meta":{"_joinchat":[]},"product_brand":[],"product_cat":[3341,333,340,342],"product_tag":[],"class_list":{"0":"post-9082","1":"product","2":"type-product","3":"status-publish","4":"has-post-thumbnail","6":"product_cat-t-shirts-pt","7":"product_cat-acessorios-pt","8":"product_cat-marcas","9":"product_cat-shureido","11":"first","12":"onbackorder","13":"taxable","14":"shipping-taxable","15":"purchasable","16":"product-type-variable","17":"has-default-attributes"},"_links":{"self":[{"href":"https:\/\/hajimekarate.com\/pt-pt\/wp-json\/wp\/v2\/product\/9082","targetHints":{"allow":["GET"]}}],"collection":[{"href":"https:\/\/hajimekarate.com\/pt-pt\/wp-json\/wp\/v2\/product"}],"about":[{"href":"https:\/\/hajimekarate.com\/pt-pt\/wp-json\/wp\/v2\/types\/product"}],"wp:featuredmedia":[{"embeddable":true,"href":"https:\/\/hajimekarate.com\/pt-pt\/wp-json\/wp\/v2\/media\/36313"}],"wp:attachment":[{"href":"https:\/\/hajimekarate.com\/pt-pt\/wp-json\/wp\/v2\/media?parent=9082"}],"wp:term":[{"taxonomy":"product_brand","embeddable":true,"href":"https:\/\/hajimekarate.com\/pt-pt\/wp-json\/wp\/v2\/product_brand?post=9082"},{"taxonomy":"product_cat","embeddable":true,"href":"https:\/\/hajimekarate.com\/pt-pt\/wp-json\/wp\/v2\/product_cat?post=9082"},{"taxonomy":"product_tag","embeddable":true,"href":"https:\/\/hajimekarate.com\/pt-pt\/wp-json\/wp\/v2\/product_tag?post=9082"}],"curies":[{"name":"wp","href":"https:\/\/api.w.org\/{rel}","templated":true}]}}