{"id":9075,"date":"2019-04-02T19:19:36","date_gmt":"2019-04-02T17:19:36","guid":{"rendered":"https:\/\/hajimekarate.com\/comprar\/camiseta-de-algodon-shureido\/"},"modified":"2026-01-07T13:30:04","modified_gmt":"2026-01-07T12:30:04","slug":"t-shirt-shureido-algodao","status":"publish","type":"product","link":"https:\/\/hajimekarate.com\/pt-pt\/comprar\/t-shirt-shureido-algodao\/","title":{"rendered":"T-shirt de algod\u00e3o Shureido | A Grande Onda de Kanagawa"},"content":{"rendered":"","protected":false},"excerpt":{"rendered":"<p>T-shirt Shureido preta 100% algod\u00e3o. Edi\u00e7\u00e3o Limitada para a Europa. Distribui\u00e7\u00e3o exclusiva na Europa pela Hajime Karate. Algod\u00e3o e estampado de alta qualidade.<\/p>\n<p>A t-shirt tem impress\u00e3o em azul el\u00e9trico A Grande Onda de Kanagawa, de Katsushika Hokusai, uma obra carregada de simbolismo cultural, espiritual e humano na cultura japonesa. O seu significado pode ser interpretado em v\u00e1rios n\u00edveis: (1) a for\u00e7a impar\u00e1vel da natureza, (2) a imperman\u00eancia (muj\u014d), (3) o conflito e a harmonia entre os seres humanos e a natureza, (4) o Monte Fuji como s\u00edmbolo de estabilidade e (5) uma obra revolucion\u00e1ria na sua \u00e9poca.<\/p>\n","protected":false},"featured_media":91046,"template":"","meta":{"_joinchat":[]},"product_brand":[],"product_cat":[3341,333],"product_tag":[],"class_list":{"0":"post-9075","1":"product","2":"type-product","3":"status-publish","4":"has-post-thumbnail","6":"product_cat-t-shirts-pt","7":"product_cat-acessorios-pt","9":"first","10":"instock","11":"taxable","12":"shipping-taxable","13":"purchasable","14":"product-type-variable"},"_links":{"self":[{"href":"https:\/\/hajimekarate.com\/pt-pt\/wp-json\/wp\/v2\/product\/9075","targetHints":{"allow":["GET"]}}],"collection":[{"href":"https:\/\/hajimekarate.com\/pt-pt\/wp-json\/wp\/v2\/product"}],"about":[{"href":"https:\/\/hajimekarate.com\/pt-pt\/wp-json\/wp\/v2\/types\/product"}],"wp:featuredmedia":[{"embeddable":true,"href":"https:\/\/hajimekarate.com\/pt-pt\/wp-json\/wp\/v2\/media\/91046"}],"wp:attachment":[{"href":"https:\/\/hajimekarate.com\/pt-pt\/wp-json\/wp\/v2\/media?parent=9075"}],"wp:term":[{"taxonomy":"product_brand","embeddable":true,"href":"https:\/\/hajimekarate.com\/pt-pt\/wp-json\/wp\/v2\/product_brand?post=9075"},{"taxonomy":"product_cat","embeddable":true,"href":"https:\/\/hajimekarate.com\/pt-pt\/wp-json\/wp\/v2\/product_cat?post=9075"},{"taxonomy":"product_tag","embeddable":true,"href":"https:\/\/hajimekarate.com\/pt-pt\/wp-json\/wp\/v2\/product_tag?post=9075"}],"curies":[{"name":"wp","href":"https:\/\/api.w.org\/{rel}","templated":true}]}}