{"id":89240,"date":"2025-10-16T10:07:06","date_gmt":"2025-10-16T08:07:06","guid":{"rendered":"https:\/\/hajimekarate.com\/?post_type=product&#038;p=89240"},"modified":"2025-10-16T10:09:57","modified_gmt":"2025-10-16T08:09:57","slug":"saquinhos-organizadores-tecido-japones-feitos-a-mao","status":"publish","type":"product","link":"https:\/\/hajimekarate.com\/pt-pt\/comprar\/saquinhos-organizadores-tecido-japones-feitos-a-mao\/","title":{"rendered":"Saquinhos organizadores | Tecido japon\u00eas | Feitos \u00e0 m\u00e3o"},"content":{"rendered":"","protected":false},"excerpt":{"rendered":"<p>Saquinho feito \u00e0 m\u00e3o em Espanha com tecidos japoneses aut\u00eanticos e padr\u00f5es tradicionais.<br \/>\nCom fecho de cord\u00e3o e 27 x 25 cm, \u00e9 perfeito como organizador de pequenos objetos ou acess\u00f3rios pessoais.<br \/>\nDispon\u00edvel em seis modelos diferentes, inspirados na cultura japonesa.<\/p>\n","protected":false},"featured_media":89126,"template":"","meta":{"_joinchat":[]},"product_brand":[],"product_cat":[802,2493,333],"product_tag":[2628],"class_list":{"0":"post-89240","1":"product","2":"type-product","3":"status-publish","4":"has-post-thumbnail","6":"product_cat-exclusivo-hajime","7":"product_cat-sacos-karate","8":"product_cat-acessorios-pt","9":"product_tag-club-20-pt-pt","11":"first","12":"instock","13":"taxable","14":"shipping-taxable","15":"purchasable","16":"product-type-variable"},"_links":{"self":[{"href":"https:\/\/hajimekarate.com\/pt-pt\/wp-json\/wp\/v2\/product\/89240","targetHints":{"allow":["GET"]}}],"collection":[{"href":"https:\/\/hajimekarate.com\/pt-pt\/wp-json\/wp\/v2\/product"}],"about":[{"href":"https:\/\/hajimekarate.com\/pt-pt\/wp-json\/wp\/v2\/types\/product"}],"wp:featuredmedia":[{"embeddable":true,"href":"https:\/\/hajimekarate.com\/pt-pt\/wp-json\/wp\/v2\/media\/89126"}],"wp:attachment":[{"href":"https:\/\/hajimekarate.com\/pt-pt\/wp-json\/wp\/v2\/media?parent=89240"}],"wp:term":[{"taxonomy":"product_brand","embeddable":true,"href":"https:\/\/hajimekarate.com\/pt-pt\/wp-json\/wp\/v2\/product_brand?post=89240"},{"taxonomy":"product_cat","embeddable":true,"href":"https:\/\/hajimekarate.com\/pt-pt\/wp-json\/wp\/v2\/product_cat?post=89240"},{"taxonomy":"product_tag","embeddable":true,"href":"https:\/\/hajimekarate.com\/pt-pt\/wp-json\/wp\/v2\/product_tag?post=89240"}],"curies":[{"name":"wp","href":"https:\/\/api.w.org\/{rel}","templated":true}]}}