{"id":8874,"date":"2018-09-10T21:18:16","date_gmt":"2018-09-10T19:18:16","guid":{"rendered":"https:\/\/hajimekarate.com\/comprar\/8874\/"},"modified":"2026-01-21T10:55:11","modified_gmt":"2026-01-21T09:55:11","slug":"karategui-shureido-sensei-k-9","status":"publish","type":"product","link":"https:\/\/hajimekarate.com\/pt-pt\/comprar\/karategui-shureido-sensei-k-9\/","title":{"rendered":"Karategui Shureido Sensei K-9"},"content":{"rendered":"<p>Tamanho dispon\u00edvel sob encomenda<\/p>\n","protected":false},"excerpt":{"rendered":"<p>Karategui Shureido Sensei K-9, 100% algod\u00e3o. Ideal para aqueles que procuram um Karategui Shureido com um corte japon\u00eas, mas mais leve, para resistir a longas sess\u00f5es de treino.<\/p>\n<p>Se quiser saber mais sobre as diferen\u00e7as entre os tecidos e cortes dos modelos de karateguis Shureido, <a href=\"https:\/\/hajimekarate.com\/pt-pt\/corte-japones-vs-corte-europeu-nos-karategis-shureido\/\" target=\"_blank\" rel=\"noopener\">clique aqui.<\/a><\/p>\n","protected":false},"featured_media":45329,"template":"","meta":{"_joinchat":[]},"product_brand":[],"product_cat":[2911,2917,2918,2912,2921,1897,3113,337,3126,334,342],"product_tag":[3334,3146,2622],"class_list":{"0":"post-8874","1":"product","2":"type-product","3":"status-publish","4":"has-post-thumbnail","6":"product_cat-equipamento-de-karate-personalizado","7":"product_cat-shureido-calcas-a-medida","8":"product_cat-shureido-calcas-bordados","9":"product_cat-shureido-casaco-a-medida","10":"product_cat-shureido-casaco-bordados","11":"product_cat-fatos-shureido-personalizables","12":"product_cat-karate-tradicional-pt","13":"product_cat-karateguis-shureido","14":"product_cat-shureido-tradicional-pt-pt","15":"product_cat-karateguis","16":"product_cat-shureido","17":"product_tag-blackfriday-club-15-pt","18":"product_tag-blackfriday-pt","19":"product_tag-club-10-pt","21":"first","22":"instock","23":"taxable","24":"shipping-taxable","25":"purchasable","26":"product-type-variable"},"_links":{"self":[{"href":"https:\/\/hajimekarate.com\/pt-pt\/wp-json\/wp\/v2\/product\/8874","targetHints":{"allow":["GET"]}}],"collection":[{"href":"https:\/\/hajimekarate.com\/pt-pt\/wp-json\/wp\/v2\/product"}],"about":[{"href":"https:\/\/hajimekarate.com\/pt-pt\/wp-json\/wp\/v2\/types\/product"}],"wp:featuredmedia":[{"embeddable":true,"href":"https:\/\/hajimekarate.com\/pt-pt\/wp-json\/wp\/v2\/media\/45329"}],"wp:attachment":[{"href":"https:\/\/hajimekarate.com\/pt-pt\/wp-json\/wp\/v2\/media?parent=8874"}],"wp:term":[{"taxonomy":"product_brand","embeddable":true,"href":"https:\/\/hajimekarate.com\/pt-pt\/wp-json\/wp\/v2\/product_brand?post=8874"},{"taxonomy":"product_cat","embeddable":true,"href":"https:\/\/hajimekarate.com\/pt-pt\/wp-json\/wp\/v2\/product_cat?post=8874"},{"taxonomy":"product_tag","embeddable":true,"href":"https:\/\/hajimekarate.com\/pt-pt\/wp-json\/wp\/v2\/product_tag?post=8874"}],"curies":[{"name":"wp","href":"https:\/\/api.w.org\/{rel}","templated":true}]}}