{"id":88681,"date":"2025-10-02T10:33:19","date_gmt":"2025-10-02T08:33:19","guid":{"rendered":"https:\/\/hajimekarate.com\/?post_type=product&#038;p=88681"},"modified":"2026-01-13T15:45:12","modified_gmt":"2026-01-13T14:45:12","slug":"cinto-rosa-da-hajime","status":"publish","type":"product","link":"https:\/\/hajimekarate.com\/pt-pt\/comprar\/cinto-rosa-da-hajime\/","title":{"rendered":"Cinto Rosa Hajime"},"content":{"rendered":"<p>*O cinto rosa de karat\u00ea n\u00e3o tem um significado oficial dentro do sistema de graus padr\u00e3o e n\u00e3o representa um n\u00edvel de habilidade. O seu significado \u00e9 simb\u00f3lico. Principalmente, o seu uso est\u00e1 associado \u00e0 conscientiza\u00e7\u00e3o sobre o cancro da mama. Alguns dojos tamb\u00e9m usam essa cor como reconhecimento a alunos que tiveram que enfrentar um grande desafio ou para celebrar marcos importantes alcan\u00e7ados pela comunidade.   <\/p>\n","protected":false},"excerpt":{"rendered":"<p>Cinto de karat\u00ea rosa Hajime. 100% Algod\u00e3o. Significado simb\u00f3lico.*<\/p>\n<p>O peso oscila entre as 250 gramas e as 500 gramas, dependendo do tamanho escolhido. Fabricados em algod\u00e3o de qualidade que lhes confere uma espessura perfeita para a pr\u00e1tica de Karat\u00e9 no Dojo.<\/p>\n","protected":false},"featured_media":88690,"template":"","meta":{"_joinchat":[]},"product_brand":[],"product_cat":[3369,1893,3209,328,330],"product_tag":[2633],"class_list":{"0":"post-88681","1":"product","2":"type-product","3":"status-publish","4":"has-post-thumbnail","6":"product_cat-cintos-de-cor","7":"product_cat-cintos-personalizados","8":"product_cat-cintos-tokaido","9":"product_cat-cintos-karate","10":"product_cat-cintos-kaiten","11":"product_tag-club-33-pt","13":"first","14":"instock","15":"taxable","16":"shipping-taxable","17":"purchasable","18":"product-type-variable"},"_links":{"self":[{"href":"https:\/\/hajimekarate.com\/pt-pt\/wp-json\/wp\/v2\/product\/88681","targetHints":{"allow":["GET"]}}],"collection":[{"href":"https:\/\/hajimekarate.com\/pt-pt\/wp-json\/wp\/v2\/product"}],"about":[{"href":"https:\/\/hajimekarate.com\/pt-pt\/wp-json\/wp\/v2\/types\/product"}],"wp:featuredmedia":[{"embeddable":true,"href":"https:\/\/hajimekarate.com\/pt-pt\/wp-json\/wp\/v2\/media\/88690"}],"wp:attachment":[{"href":"https:\/\/hajimekarate.com\/pt-pt\/wp-json\/wp\/v2\/media?parent=88681"}],"wp:term":[{"taxonomy":"product_brand","embeddable":true,"href":"https:\/\/hajimekarate.com\/pt-pt\/wp-json\/wp\/v2\/product_brand?post=88681"},{"taxonomy":"product_cat","embeddable":true,"href":"https:\/\/hajimekarate.com\/pt-pt\/wp-json\/wp\/v2\/product_cat?post=88681"},{"taxonomy":"product_tag","embeddable":true,"href":"https:\/\/hajimekarate.com\/pt-pt\/wp-json\/wp\/v2\/product_tag?post=88681"}],"curies":[{"name":"wp","href":"https:\/\/api.w.org\/{rel}","templated":true}]}}