{"id":8859,"date":"2018-09-10T21:17:40","date_gmt":"2018-09-10T19:17:40","guid":{"rendered":"https:\/\/hajimekarate.com\/comprar\/8859\/"},"modified":"2026-04-02T16:48:25","modified_gmt":"2026-04-02T14:48:25","slug":"karategui-shureido-sempai-tournament-tkw-11","status":"publish","type":"product","link":"https:\/\/hajimekarate.com\/pt-pt\/comprar\/karategui-shureido-sempai-tournament-tkw-11\/","title":{"rendered":"Karategui Shureido Sempai Tournament TKW-11"},"content":{"rendered":"<p><\/p>\n","protected":false},"excerpt":{"rendered":"<p>Karategui Shureido Sempai Tournament, TKW-11. Modelo cl\u00e1ssico da Shureido, de peso m\u00e9dio, 100% algod\u00e3o, casaco mais comprido e mangas e cal\u00e7as pr\u00e9-cortadas. Se quiser saber mais sobre as diferen\u00e7as entre os tecidos e cortes dos modelos de karateguis Shureido, <a href=\"https:\/\/hajimekarate.com\/pt-pt\/corte-japones-vs-corte-europeu-nos-karategis-shureido\/\" target=\"_blank\" rel=\"noopener\">clique aqui.<\/a><\/p>\n","protected":false},"featured_media":85522,"template":"","meta":{"_joinchat":[]},"product_brand":[],"product_cat":[2911,2917,2918,2912,2921,1897,3113,337,3126,334,342],"product_tag":[3334,3146,2622],"class_list":{"0":"post-8859","1":"product","2":"type-product","3":"status-publish","4":"has-post-thumbnail","6":"product_cat-equipamento-de-karate-personalizado","7":"product_cat-shureido-calcas-a-medida","8":"product_cat-shureido-calcas-bordados","9":"product_cat-shureido-casaco-a-medida","10":"product_cat-shureido-casaco-bordados","11":"product_cat-fatos-shureido-personalizables","12":"product_cat-karate-tradicional-pt","13":"product_cat-karateguis-shureido","14":"product_cat-shureido-tradicional-pt-pt","15":"product_cat-karateguis","16":"product_cat-shureido","17":"product_tag-blackfriday-club-15-pt","18":"product_tag-blackfriday-pt","19":"product_tag-club-10-pt","21":"first","22":"instock","23":"taxable","24":"shipping-taxable","25":"purchasable","26":"product-type-variable"},"_links":{"self":[{"href":"https:\/\/hajimekarate.com\/pt-pt\/wp-json\/wp\/v2\/product\/8859","targetHints":{"allow":["GET"]}}],"collection":[{"href":"https:\/\/hajimekarate.com\/pt-pt\/wp-json\/wp\/v2\/product"}],"about":[{"href":"https:\/\/hajimekarate.com\/pt-pt\/wp-json\/wp\/v2\/types\/product"}],"wp:featuredmedia":[{"embeddable":true,"href":"https:\/\/hajimekarate.com\/pt-pt\/wp-json\/wp\/v2\/media\/85522"}],"wp:attachment":[{"href":"https:\/\/hajimekarate.com\/pt-pt\/wp-json\/wp\/v2\/media?parent=8859"}],"wp:term":[{"taxonomy":"product_brand","embeddable":true,"href":"https:\/\/hajimekarate.com\/pt-pt\/wp-json\/wp\/v2\/product_brand?post=8859"},{"taxonomy":"product_cat","embeddable":true,"href":"https:\/\/hajimekarate.com\/pt-pt\/wp-json\/wp\/v2\/product_cat?post=8859"},{"taxonomy":"product_tag","embeddable":true,"href":"https:\/\/hajimekarate.com\/pt-pt\/wp-json\/wp\/v2\/product_tag?post=8859"}],"curies":[{"name":"wp","href":"https:\/\/api.w.org\/{rel}","templated":true}]}}