{"id":87968,"date":"2025-08-26T18:04:24","date_gmt":"2025-08-26T16:04:24","guid":{"rendered":"https:\/\/hajimekarate.com\/comprar\/conjunto-tokaido-kata-master-duo-aprovado-pela-wkf-2-casacos-vermelho-e-azul-1-calca-14-oz\/"},"modified":"2026-02-24T13:19:48","modified_gmt":"2026-02-24T12:19:48","slug":"conjunto-tokaido-kata-master-duo-aprovado-pela-wkf-2-casacos-vermelho-e-azul-1-calca-14-oz","status":"publish","type":"product","link":"https:\/\/hajimekarate.com\/pt-pt\/comprar\/conjunto-tokaido-kata-master-duo-aprovado-pela-wkf-2-casacos-vermelho-e-azul-1-calca-14-oz\/","title":{"rendered":"Conjunto Tokaido | Kata Master DUO | WKF Approved | 2 Casacos \u2013 1 Azul e 1 Vermelho + 1 Par de Cal\u00e7as | 14 oz"},"content":{"rendered":"<p data-start=\"499\" data-end=\"519\"><strong data-start=\"499\" data-end=\"519\">Caracter\u00edsticas:<\/strong><\/p>\n<ul data-start=\"521\" data-end=\"1254\">\n<li data-start=\"521\" data-end=\"608\">\n<p data-start=\"523\" data-end=\"608\">Dois casacos \u2013 um com bordado azul no ombro e outro com bordado vermelho<\/p>\n<\/li>\n<li data-start=\"609\" data-end=\"693\">\n<p data-start=\"611\" data-end=\"693\">Homologado pela WKF \u2013 adequado para competi\u00e7\u00f5es nacionais e internacionais<\/p>\n<\/li>\n<li data-start=\"694\" data-end=\"799\">\n<p data-start=\"696\" data-end=\"799\">Refor\u00e7os extra \u2013 na bainha e nas mangas, para potenciar o som e a din\u00e2mica dos movimentos<\/p>\n<\/li>\n<li data-start=\"800\" data-end=\"913\">\n<p data-start=\"802\" data-end=\"913\">Cal\u00e7a de cintura alta \u2013 com pe\u00e7a el\u00e1stica na zona da virilha para total liberdade de movimentos<\/p>\n<\/li>\n<li data-start=\"914\" data-end=\"1024\">\n<p data-start=\"916\" data-end=\"1024\">Cal\u00e7a larga e mangas estreitas \u2013 para uma silhueta ideal na Kata e maior din\u00e2mica nos movimentos<\/p>\n<\/li>\n<li data-start=\"1025\" data-end=\"1128\">\n<p data-start=\"1027\" data-end=\"1128\">Novo tecido desenvolvido especialmente para um SNAP forte e impactante em cada t\u00e9cnica<\/p>\n<\/li>\n<li data-start=\"1129\" data-end=\"1169\">\n<p data-start=\"1131\" data-end=\"1169\">Taxa de encolhimento reduzida, cerca de 3% 3%<\/p>\n<\/li>\n<li data-start=\"1170\" data-end=\"1254\">\n<p data-start=\"1172\" data-end=\"1254\">Caixa r\u00edgida em cart\u00e3o \u2013 ideal para guardar e conservar o Karategui em boas condi\u00e7\u00f5es<\/p>\n<\/li>\n<li data-start=\"1170\" data-end=\"1254\">Peso do tecido: 14 on\u00e7as<\/li>\n<li data-start=\"1170\" data-end=\"1254\">Corte: Slim Fit (ajustado)<\/li>\n<li data-start=\"1170\" data-end=\"1254\">Composi\u00e7\u00e3o: 65% algod\u00e3o, 35% poli\u00e9ster<\/li>\n<\/ul>\n","protected":false},"excerpt":{"rendered":"<p data-start=\"214\" data-end=\"573\">O conjuntoTokaido Kata Master Duo, dos Karateguis de gama alta, composto por dois casacos, um bordado a azul e outro a vermelho, e umas cal\u00e7as com cintura alta e dois casacos, permite a troca r\u00e1pida, conforme as exig\u00eancias dos regulamentos de competi\u00e7\u00f5es. Um Karategui topo de gama que se destaca pela sua versatilidade e conforto, tanto para treinos como para competi\u00e7\u00f5es. Homologado pela WKF.  <\/p>\n<p data-start=\"575\" data-end=\"938\">Este conjunto foi desenvolvido especificamente para a pr\u00e1tica de Kata: com refor\u00e7os nas mangas e na parte inferior do casaco para proporcionar um SNAP sonoro e marcante. As cal\u00e7as largas e o corte justo nas mangas proporcionam uma silhueta mais definida e uma excelente liberdade de movimentos. Preferido por muitos praticantes e competidores que procuram uma marca japonesa reconhecida, a um pre\u00e7o mais competitivo do que outras op\u00e7\u00f5es de topo no mercado.  <\/p>\n","protected":false},"featured_media":87484,"template":"","meta":{"_joinchat":[]},"product_brand":[],"product_cat":[3134,3205,339,2401,3150,334,340],"product_tag":[3337,3146,2628],"class_list":{"0":"post-87968","1":"product","2":"type-product","3":"status-publish","4":"has-post-thumbnail","6":"product_cat-karate-competicao","7":"product_cat-karateguis-tokaido-pt","8":"product_cat-karateguis-wkf","9":"product_cat-kata-concurso","10":"product_cat-tokaido-pt","11":"product_cat-karateguis","12":"product_cat-marcas","13":"product_tag-blackfriday-club-25-pt","14":"product_tag-blackfriday-pt","15":"product_tag-club-20-pt-pt","17":"first","18":"instock","19":"taxable","20":"shipping-taxable","21":"purchasable","22":"product-type-variable"},"_links":{"self":[{"href":"https:\/\/hajimekarate.com\/pt-pt\/wp-json\/wp\/v2\/product\/87968","targetHints":{"allow":["GET"]}}],"collection":[{"href":"https:\/\/hajimekarate.com\/pt-pt\/wp-json\/wp\/v2\/product"}],"about":[{"href":"https:\/\/hajimekarate.com\/pt-pt\/wp-json\/wp\/v2\/types\/product"}],"wp:featuredmedia":[{"embeddable":true,"href":"https:\/\/hajimekarate.com\/pt-pt\/wp-json\/wp\/v2\/media\/87484"}],"wp:attachment":[{"href":"https:\/\/hajimekarate.com\/pt-pt\/wp-json\/wp\/v2\/media?parent=87968"}],"wp:term":[{"taxonomy":"product_brand","embeddable":true,"href":"https:\/\/hajimekarate.com\/pt-pt\/wp-json\/wp\/v2\/product_brand?post=87968"},{"taxonomy":"product_cat","embeddable":true,"href":"https:\/\/hajimekarate.com\/pt-pt\/wp-json\/wp\/v2\/product_cat?post=87968"},{"taxonomy":"product_tag","embeddable":true,"href":"https:\/\/hajimekarate.com\/pt-pt\/wp-json\/wp\/v2\/product_tag?post=87968"}],"curies":[{"name":"wp","href":"https:\/\/api.w.org\/{rel}","templated":true}]}}