{"id":87049,"date":"2025-02-24T16:12:23","date_gmt":"2025-02-24T15:12:23","guid":{"rendered":"https:\/\/hajimekarate.com\/comprar\/protecao-de-peito-infantil-tokaido-wkf\/"},"modified":"2026-01-27T18:07:23","modified_gmt":"2026-01-27T17:07:23","slug":"protecao-de-peito-infantil-tokaido-wkf","status":"publish","type":"product","link":"https:\/\/hajimekarate.com\/pt-pt\/comprar\/protecao-de-peito-infantil-tokaido-wkf\/","title":{"rendered":"Prote\u00e7\u00e3o de peito cadete TOKAIDO | WKF"},"content":{"rendered":"<p><strong>Carater\u00edsticas t\u00e9cnicas:<\/strong><\/p>\n<p>Cor: Branco.<br \/>\nAdequado para: Kumite.<br \/>\nN\u00edvel: Iniciantes, Avan\u00e7ados.<br \/>\nDesporto: Karat\u00e9.<\/p>\n<p>Produto aprovado pela WKF.<br \/>\nMaterial leve e dur\u00e1vel: interior em espuma EVA e exterior em poli\u00e9ster.<br \/>\nAjuste seguro com velcro.<\/p>\n","protected":false},"excerpt":{"rendered":"<p>Prote\u00e7\u00e3o de peito de karat\u00e9 para cadetes TOKAIDO, homologada pela WKF. Absorve de forma eficaz e fi\u00e1vel o impacto dos socos e pontap\u00e9s na parte superior do corpo. <span style=\"color: red;\"><br \/>\n<\/span><\/p>\n","protected":false},"featured_media":81887,"template":"","meta":{"_joinchat":[]},"product_brand":[],"product_cat":[2490,345,3150,340,343],"product_tag":[3334,3146,2622],"class_list":{"0":"post-87049","1":"product","2":"type-product","3":"status-publish","4":"has-post-thumbnail","6":"product_cat-protecciones-obligatorias-kumite-pt-pt","7":"product_cat-homologadas-wkf","8":"product_cat-tokaido-pt","9":"product_cat-marcas","10":"product_cat-protecoes-pt","11":"product_tag-blackfriday-club-15-pt","12":"product_tag-blackfriday-pt","13":"product_tag-club-10-pt","15":"first","16":"instock","17":"taxable","18":"shipping-taxable","19":"purchasable","20":"product-type-variable","21":"has-default-attributes"},"_links":{"self":[{"href":"https:\/\/hajimekarate.com\/pt-pt\/wp-json\/wp\/v2\/product\/87049","targetHints":{"allow":["GET"]}}],"collection":[{"href":"https:\/\/hajimekarate.com\/pt-pt\/wp-json\/wp\/v2\/product"}],"about":[{"href":"https:\/\/hajimekarate.com\/pt-pt\/wp-json\/wp\/v2\/types\/product"}],"wp:featuredmedia":[{"embeddable":true,"href":"https:\/\/hajimekarate.com\/pt-pt\/wp-json\/wp\/v2\/media\/81887"}],"wp:attachment":[{"href":"https:\/\/hajimekarate.com\/pt-pt\/wp-json\/wp\/v2\/media?parent=87049"}],"wp:term":[{"taxonomy":"product_brand","embeddable":true,"href":"https:\/\/hajimekarate.com\/pt-pt\/wp-json\/wp\/v2\/product_brand?post=87049"},{"taxonomy":"product_cat","embeddable":true,"href":"https:\/\/hajimekarate.com\/pt-pt\/wp-json\/wp\/v2\/product_cat?post=87049"},{"taxonomy":"product_tag","embeddable":true,"href":"https:\/\/hajimekarate.com\/pt-pt\/wp-json\/wp\/v2\/product_tag?post=87049"}],"curies":[{"name":"wp","href":"https:\/\/api.w.org\/{rel}","templated":true}]}}