{"id":86948,"date":"2025-08-08T12:43:24","date_gmt":"2025-08-08T10:43:24","guid":{"rendered":"https:\/\/hajimekarate.com\/?post_type=product&#038;p=86948"},"modified":"2026-01-28T10:42:59","modified_gmt":"2026-01-28T09:42:59","slug":"casaco-tokaido-kata-master-mix-wkf-10oz-copia","status":"publish","type":"product","link":"https:\/\/hajimekarate.com\/pt-pt\/comprar\/casaco-tokaido-kata-master-mix-wkf-10oz-copia\/","title":{"rendered":"Cal\u00e7as TOKAIDO Kata Master MIX | WKF | 10oz."},"content":{"rendered":"","protected":false},"excerpt":{"rendered":"<p>Cal\u00e7as de karat\u00e9 concebidas para competi\u00e7\u00f5es e campeonatos de kata. Fabricadas com um tecido de alta qualidade desenvolvido especialmente para a pr\u00e1tica de kata. Cada movimento \u00e9 acompanhado por um som seco e forte (efeito \u201cSNAP\u201d). O casaco correspondente \u00e9 vendido separadamente, permitindo combinar tamanhos ou estilos conforme preferires. (N\u00e3o \u00e9 vendido separadamente).   <span style=\"color: red;\"><br \/>\n<\/span><\/p>\n","protected":false},"featured_media":86992,"template":"","meta":{"_joinchat":[]},"product_brand":[],"product_cat":[2346],"product_tag":[3337,3146,2628],"class_list":{"0":"post-86948","1":"product","2":"type-product","3":"status-publish","4":"has-post-thumbnail","6":"product_cat-sem-categoria-pt-pt","7":"product_tag-blackfriday-club-25-pt","8":"product_tag-blackfriday-pt","9":"product_tag-club-20-pt-pt","11":"first","12":"instock","13":"taxable","14":"shipping-taxable","15":"purchasable","16":"product-type-variable"},"_links":{"self":[{"href":"https:\/\/hajimekarate.com\/pt-pt\/wp-json\/wp\/v2\/product\/86948","targetHints":{"allow":["GET"]}}],"collection":[{"href":"https:\/\/hajimekarate.com\/pt-pt\/wp-json\/wp\/v2\/product"}],"about":[{"href":"https:\/\/hajimekarate.com\/pt-pt\/wp-json\/wp\/v2\/types\/product"}],"wp:featuredmedia":[{"embeddable":true,"href":"https:\/\/hajimekarate.com\/pt-pt\/wp-json\/wp\/v2\/media\/86992"}],"wp:attachment":[{"href":"https:\/\/hajimekarate.com\/pt-pt\/wp-json\/wp\/v2\/media?parent=86948"}],"wp:term":[{"taxonomy":"product_brand","embeddable":true,"href":"https:\/\/hajimekarate.com\/pt-pt\/wp-json\/wp\/v2\/product_brand?post=86948"},{"taxonomy":"product_cat","embeddable":true,"href":"https:\/\/hajimekarate.com\/pt-pt\/wp-json\/wp\/v2\/product_cat?post=86948"},{"taxonomy":"product_tag","embeddable":true,"href":"https:\/\/hajimekarate.com\/pt-pt\/wp-json\/wp\/v2\/product_tag?post=86948"}],"curies":[{"name":"wp","href":"https:\/\/api.w.org\/{rel}","templated":true}]}}