{"id":86904,"date":"2025-08-08T12:42:17","date_gmt":"2025-08-08T10:42:17","guid":{"rendered":"https:\/\/hajimekarate.com\/?post_type=product&#038;p=86904"},"modified":"2026-01-28T10:42:43","modified_gmt":"2026-01-28T09:42:43","slug":"casaco-tokaido-kata-master-mix-wkf-10oz","status":"publish","type":"product","link":"https:\/\/hajimekarate.com\/pt-pt\/comprar\/casaco-tokaido-kata-master-mix-wkf-10oz\/","title":{"rendered":"Casaco TOKAIDO Kata Master MIX | WKF | 10oz"},"content":{"rendered":"","protected":false},"excerpt":{"rendered":"<p>Casaco de karat\u00e9 especialmente concebido para competi\u00e7\u00f5es e campeonatos de kata. Confeccionado com um tecido de alta qualidade desenvolvido especificamente para a pr\u00e1tica de kata. Cada movimento produz um som seco e marcante (efeito \u201cSNAP\u201d) que real\u00e7a a intensidade da t\u00e9cnica. (N\u00e3o \u00e9 vendido separadamente)   <span style=\"color: red;\"><br \/>\n<\/span><\/p>\n","protected":false},"featured_media":86856,"template":"","meta":{"_joinchat":[]},"product_brand":[],"product_cat":[2346],"product_tag":[3337,3146,2628],"class_list":{"0":"post-86904","1":"product","2":"type-product","3":"status-publish","4":"has-post-thumbnail","6":"product_cat-sem-categoria-pt-pt","7":"product_tag-blackfriday-club-25-pt","8":"product_tag-blackfriday-pt","9":"product_tag-club-20-pt-pt","11":"first","12":"instock","13":"taxable","14":"shipping-taxable","15":"purchasable","16":"product-type-variable"},"_links":{"self":[{"href":"https:\/\/hajimekarate.com\/pt-pt\/wp-json\/wp\/v2\/product\/86904","targetHints":{"allow":["GET"]}}],"collection":[{"href":"https:\/\/hajimekarate.com\/pt-pt\/wp-json\/wp\/v2\/product"}],"about":[{"href":"https:\/\/hajimekarate.com\/pt-pt\/wp-json\/wp\/v2\/types\/product"}],"wp:featuredmedia":[{"embeddable":true,"href":"https:\/\/hajimekarate.com\/pt-pt\/wp-json\/wp\/v2\/media\/86856"}],"wp:attachment":[{"href":"https:\/\/hajimekarate.com\/pt-pt\/wp-json\/wp\/v2\/media?parent=86904"}],"wp:term":[{"taxonomy":"product_brand","embeddable":true,"href":"https:\/\/hajimekarate.com\/pt-pt\/wp-json\/wp\/v2\/product_brand?post=86904"},{"taxonomy":"product_cat","embeddable":true,"href":"https:\/\/hajimekarate.com\/pt-pt\/wp-json\/wp\/v2\/product_cat?post=86904"},{"taxonomy":"product_tag","embeddable":true,"href":"https:\/\/hajimekarate.com\/pt-pt\/wp-json\/wp\/v2\/product_tag?post=86904"}],"curies":[{"name":"wp","href":"https:\/\/api.w.org\/{rel}","templated":true}]}}