{"id":86789,"date":"2025-08-07T13:31:32","date_gmt":"2025-08-07T11:31:32","guid":{"rendered":"https:\/\/hajimekarate.com\/?post_type=product&#038;p=86789"},"modified":"2025-08-08T13:25:11","modified_gmt":"2025-08-08T11:25:11","slug":"karategui-hajime-ni-copia","status":"publish","type":"product","link":"https:\/\/hajimekarate.com\/pt-pt\/comprar\/karategui-hajime-ni-copia\/","title":{"rendered":"Karategui b\u00e1sico NI | 100% Algod\u00e3o."},"content":{"rendered":"<p>Ni, que significa &#8220;dois&#8221; em japon\u00eas, simboliza a dualidade, a harmonia entre o corpo e a mente, a liga\u00e7\u00e3o entre o praticante e a sua arte. O nosso Karategui Ni \u00e9 mais do que um simples fato, representa o aprofundamento do caminho do Karat\u00e9, a consolida\u00e7\u00e3o de compet\u00eancias e o desenvolvimento da t\u00e9cnica. Fabricado com precis\u00e3o e dedica\u00e7\u00e3o, este Karategui \u00e9 o companheiro ideal para aqueles que desejam avan\u00e7ar na sua pr\u00e1tica e alcan\u00e7ar novos n\u00edveis de mestria no fascinante mundo do Karat\u00e9. Descobre a excel\u00eancia, a heran\u00e7a e o compromisso encarnados pelo nosso Karategui Ni, o teu aliado perfeito para continuares a tua aventura na arte marcial japonesa.<\/p>\n","protected":false},"excerpt":{"rendered":"<p>Introduzir os principiantes no mundo do karat\u00e9 com o nosso Karategui Basic NI. Com tecido 100% algod\u00e3o. Este kimono oferece durabilidade e conforto. As cal\u00e7as t\u00eam uma cinta el\u00e1stica para um ajuste confort\u00e1vel e seguro, as costuras nas mangas e nas cal\u00e7as garantem a sua resist\u00eancia. Com um corte a direito e uma cinta el\u00e1stica, este Karategui proporciona liberdade de movimentos para uma pr\u00e1tica f\u00e1cil. Inclui um cinto branco e um saco com os n\u00fameros de 1 a 10 em japon\u00eas, tornando este conjunto a escolha ideal para se iniciar no karat\u00e9 e aprender com conforto e estilo. \u00daLTIMA OFERTA<\/p>\n","protected":false},"featured_media":66400,"template":"","meta":{"_joinchat":[]},"product_brand":[],"product_cat":[336,334],"product_tag":[3279],"class_list":{"0":"post-86789","1":"product","2":"type-product","3":"status-publish","4":"has-post-thumbnail","6":"product_cat-karateguis-principiantes","7":"product_cat-karateguis","8":"product_tag-club-35-pt","10":"first","11":"instock","12":"taxable","13":"shipping-taxable","14":"purchasable","15":"product-type-variable"},"_links":{"self":[{"href":"https:\/\/hajimekarate.com\/pt-pt\/wp-json\/wp\/v2\/product\/86789","targetHints":{"allow":["GET"]}}],"collection":[{"href":"https:\/\/hajimekarate.com\/pt-pt\/wp-json\/wp\/v2\/product"}],"about":[{"href":"https:\/\/hajimekarate.com\/pt-pt\/wp-json\/wp\/v2\/types\/product"}],"wp:featuredmedia":[{"embeddable":true,"href":"https:\/\/hajimekarate.com\/pt-pt\/wp-json\/wp\/v2\/media\/66400"}],"wp:attachment":[{"href":"https:\/\/hajimekarate.com\/pt-pt\/wp-json\/wp\/v2\/media?parent=86789"}],"wp:term":[{"taxonomy":"product_brand","embeddable":true,"href":"https:\/\/hajimekarate.com\/pt-pt\/wp-json\/wp\/v2\/product_brand?post=86789"},{"taxonomy":"product_cat","embeddable":true,"href":"https:\/\/hajimekarate.com\/pt-pt\/wp-json\/wp\/v2\/product_cat?post=86789"},{"taxonomy":"product_tag","embeddable":true,"href":"https:\/\/hajimekarate.com\/pt-pt\/wp-json\/wp\/v2\/product_tag?post=86789"}],"curies":[{"name":"wp","href":"https:\/\/api.w.org\/{rel}","templated":true}]}}