{"id":8671,"date":"2019-01-12T19:48:25","date_gmt":"2019-01-12T18:48:25","guid":{"rendered":"https:\/\/hajimekarate.com\/?post_type=product&#038;p=8671"},"modified":"2025-07-23T10:10:42","modified_gmt":"2025-07-23T08:10:42","slug":"karategui-preto-shureido-kobudo","status":"publish","type":"product","link":"https:\/\/hajimekarate.com\/pt-pt\/comprar\/karategui-preto-shureido-kobudo\/","title":{"rendered":"Karateguis Pretos da Shureido para Kobudo"},"content":{"rendered":"<p>Karateguis Shureido pretos que se podem encomendar no modelo K-10 (casaco e cal\u00e7as com medidas cl\u00e1ssicas japonesas) ou no modelo TK-10 (com casaco ligeiramente mais comprido e mangas e cal\u00e7as pr\u00e9-cortadas). Estes Karateguis demoram cerca de 3 meses porque s\u00e3o feitos por encomenda, pelo que se pedir bordado demor\u00e1 o mesmo tempo.<\/p>\n","protected":false},"excerpt":{"rendered":"<p style=\"color: #e7110b;\"><strong>Dispon\u00edvel por encomenda<\/strong><\/p>\n<p>Karateguis Shureido pretos que se podem encomendar no modelo K-10 (casaco e cal\u00e7as com medidas cl\u00e1ssicas japonesas) ou no modelo TK-10 (com casaco ligeiramente mais comprido e mangas e cal\u00e7as pr\u00e9-cortadas). Estes Karateguis demoram cerca de 3 meses porque s\u00e3o feitos por encomenda, pelo que se pedir bordado demor\u00e1 o mesmo tempo.<\/p>\n","protected":false},"featured_media":8762,"template":"","meta":{"_joinchat":[]},"product_brand":[],"product_cat":[2911,2917,2912,1897,3113,338,337,3275,3271,3126,334,342],"product_tag":[2622],"class_list":{"0":"post-8671","1":"product","2":"type-product","3":"status-publish","4":"has-post-thumbnail","6":"product_cat-equipamento-de-karate-personalizado","7":"product_cat-shureido-calcas-a-medida","8":"product_cat-shureido-casaco-a-medida","9":"product_cat-fatos-shureido-personalizables","10":"product_cat-karate-tradicional-pt","11":"product_cat-karateguis-pretos","12":"product_cat-karateguis-shureido","13":"product_cat-shureido-calcas-pretas-bordadas","14":"product_cat-shureido-casaco-preto-bordado","15":"product_cat-shureido-tradicional-pt-pt","16":"product_cat-karateguis","17":"product_cat-shureido","18":"product_tag-club-10-pt","20":"first","21":"instock","22":"taxable","23":"shipping-taxable","24":"purchasable","25":"product-type-variable","26":"has-default-attributes"},"_links":{"self":[{"href":"https:\/\/hajimekarate.com\/pt-pt\/wp-json\/wp\/v2\/product\/8671","targetHints":{"allow":["GET"]}}],"collection":[{"href":"https:\/\/hajimekarate.com\/pt-pt\/wp-json\/wp\/v2\/product"}],"about":[{"href":"https:\/\/hajimekarate.com\/pt-pt\/wp-json\/wp\/v2\/types\/product"}],"wp:featuredmedia":[{"embeddable":true,"href":"https:\/\/hajimekarate.com\/pt-pt\/wp-json\/wp\/v2\/media\/8762"}],"wp:attachment":[{"href":"https:\/\/hajimekarate.com\/pt-pt\/wp-json\/wp\/v2\/media?parent=8671"}],"wp:term":[{"taxonomy":"product_brand","embeddable":true,"href":"https:\/\/hajimekarate.com\/pt-pt\/wp-json\/wp\/v2\/product_brand?post=8671"},{"taxonomy":"product_cat","embeddable":true,"href":"https:\/\/hajimekarate.com\/pt-pt\/wp-json\/wp\/v2\/product_cat?post=8671"},{"taxonomy":"product_tag","embeddable":true,"href":"https:\/\/hajimekarate.com\/pt-pt\/wp-json\/wp\/v2\/product_tag?post=8671"}],"curies":[{"name":"wp","href":"https:\/\/api.w.org\/{rel}","templated":true}]}}