{"id":8517,"date":"2018-09-04T21:19:10","date_gmt":"2018-09-04T19:19:10","guid":{"rendered":"https:\/\/hajimekarate.com\/comprar\/tatami-trocellen-multisport-basic-azul-vermelho-reversivel\/"},"modified":"2025-08-01T17:38:41","modified_gmt":"2025-08-01T15:38:41","slug":"tatami-trocellen-multisport-basic-azul-rojo-reversible","status":"publish","type":"product","link":"https:\/\/hajimekarate.com\/pt-pt\/comprar\/tatami-trocellen-multisport-basic-azul-rojo-reversible\/","title":{"rendered":"Tatami Trocellen Multisport Basic Azul-Vermelho Revers\u00edvel"},"content":{"rendered":"<p>O Tatami Trocellen Multisport Basic foi desenvolvido e fabricado para oferecer uma excelente qualidade de acordo com as exig\u00eancias de qualidade dos desportistas, instrutores e profissionais do sector. N\u00e3o \u00e9 apenas v\u00e1lido para Karat\u00e9, pode ser utilizado em outras artes marciais ou em diferentes desportos. \u00c9 lav\u00e1vel, revers\u00edvel e leve. O Tatami Trocellen Basic Multisport \u00e9 altamente resistente e tem uma superf\u00edcie rugosa e antiderrapante. As pe\u00e7as s\u00e3o recortadas utilizando tecnologia de jato de \u00e1gua que resulta num acabamento excelente. Cada pe\u00e7a de Tatami vem com uma faixa lateral que protege os encaixes, mas tamb\u00e9m funciona como limite.<\/p>\n<p>Dimens\u00f5es: 100 cm de comprimento x 100 cm de largura x 2,2 cm de espessura<\/p>\n<p>Peso de cada pe\u00e7a: 1,5 kg<\/p>\n<p>Encomenda m\u00ednima: 9 pe\u00e7as (9 metros quadrados). Se desejar encomendar uma quantidade menor, por favor, escolha a op\u00e7\u00e3o Tatami Multisport Basic com espessura de 2 cm<\/p>\n<p>Custos de envio: ser\u00e3o calculados separadamente dependendo do n\u00famero de pe\u00e7as compradas, pois depende do peso e volume total da mercadoria<\/p>\n<p>Cor: azul e vermelho (revers\u00edvel)<\/p>\n<p>Material: espuma de polietileno reticulado expandido e relevo do Tatami com feitio de palha de arroz<\/p>\n<p>O Kit para \u00e2ngulos e bordas lineares pode ser pedido por encomenda<\/p>\n<p>Seguran\u00e7a: EN 1177 HIC (Testes internos da Trocellen)<br \/>\nNF EN 12503.1. Testado por Laborat\u00f3rios CRITT.<\/p>\n","protected":false},"excerpt":{"rendered":"<p>Tatami Trocellen Multisport Basic. Excelente para a pr\u00e1tica de Karat\u00e9 e de outras artes maciais e\/ou desportos. S\u00e3o atualmente utilizados em centros de alto rendimento. Revers\u00edvel: cor azul e vermelho.<\/p>\n<p><strong>Fornecido em m\u00faltiplos de 9 pe\u00e7as.<\/strong><\/p>\n<p><em>Os portes de envio ser\u00e3o calculados separadamente com base na quantidade de pe\u00e7as compradas, pois dependem do peso e do volume total da mercadoria.<\/em><\/p>\n","protected":false},"featured_media":8518,"template":"","meta":{"_joinchat":[]},"product_brand":[],"product_cat":[348],"product_tag":[],"class_list":{"0":"post-8517","1":"product","2":"type-product","3":"status-publish","4":"has-post-thumbnail","6":"product_cat-tatami","8":"first","9":"outofstock","10":"taxable","11":"shipping-taxable","12":"purchasable","13":"product-type-simple"},"_links":{"self":[{"href":"https:\/\/hajimekarate.com\/pt-pt\/wp-json\/wp\/v2\/product\/8517","targetHints":{"allow":["GET"]}}],"collection":[{"href":"https:\/\/hajimekarate.com\/pt-pt\/wp-json\/wp\/v2\/product"}],"about":[{"href":"https:\/\/hajimekarate.com\/pt-pt\/wp-json\/wp\/v2\/types\/product"}],"wp:featuredmedia":[{"embeddable":true,"href":"https:\/\/hajimekarate.com\/pt-pt\/wp-json\/wp\/v2\/media\/8518"}],"wp:attachment":[{"href":"https:\/\/hajimekarate.com\/pt-pt\/wp-json\/wp\/v2\/media?parent=8517"}],"wp:term":[{"taxonomy":"product_brand","embeddable":true,"href":"https:\/\/hajimekarate.com\/pt-pt\/wp-json\/wp\/v2\/product_brand?post=8517"},{"taxonomy":"product_cat","embeddable":true,"href":"https:\/\/hajimekarate.com\/pt-pt\/wp-json\/wp\/v2\/product_cat?post=8517"},{"taxonomy":"product_tag","embeddable":true,"href":"https:\/\/hajimekarate.com\/pt-pt\/wp-json\/wp\/v2\/product_tag?post=8517"}],"curies":[{"name":"wp","href":"https:\/\/api.w.org\/{rel}","templated":true}]}}