{"id":8499,"date":"2018-09-04T21:33:30","date_gmt":"2018-09-04T19:33:30","guid":{"rendered":"https:\/\/hajimekarate.com\/comprar\/mochila-kaiten\/"},"modified":"2025-04-11T15:17:53","modified_gmt":"2025-04-11T13:17:53","slug":"mochila-kaiten","status":"publish","type":"product","link":"https:\/\/hajimekarate.com\/pt-pt\/comprar\/mochila-kaiten\/","title":{"rendered":"Mochila Kaiten"},"content":{"rendered":"","protected":false},"excerpt":{"rendered":"<p>Mochila pr\u00e1tica da Kaiten com bolsos e compartimentos laterais. Ideal para levar para campeonatos. Dispon\u00edvel em v\u00e1rias cores.<\/p>\n","protected":false},"featured_media":8505,"template":"","meta":{"_joinchat":[]},"product_brand":[],"product_cat":[1793,2493,333,341],"product_tag":[2627],"class_list":{"0":"post-8499","1":"product","2":"type-product","3":"status-publish","4":"has-post-thumbnail","6":"product_cat-complemento-competidores-de-desembarque","7":"product_cat-sacos-karate","8":"product_cat-acessorios-pt","9":"product_cat-kaiten","10":"product_tag-club-15-pt","12":"first","13":"instock","14":"featured","15":"taxable","16":"shipping-taxable","17":"purchasable","18":"product-type-variable"},"_links":{"self":[{"href":"https:\/\/hajimekarate.com\/pt-pt\/wp-json\/wp\/v2\/product\/8499","targetHints":{"allow":["GET"]}}],"collection":[{"href":"https:\/\/hajimekarate.com\/pt-pt\/wp-json\/wp\/v2\/product"}],"about":[{"href":"https:\/\/hajimekarate.com\/pt-pt\/wp-json\/wp\/v2\/types\/product"}],"wp:featuredmedia":[{"embeddable":true,"href":"https:\/\/hajimekarate.com\/pt-pt\/wp-json\/wp\/v2\/media\/8505"}],"wp:attachment":[{"href":"https:\/\/hajimekarate.com\/pt-pt\/wp-json\/wp\/v2\/media?parent=8499"}],"wp:term":[{"taxonomy":"product_brand","embeddable":true,"href":"https:\/\/hajimekarate.com\/pt-pt\/wp-json\/wp\/v2\/product_brand?post=8499"},{"taxonomy":"product_cat","embeddable":true,"href":"https:\/\/hajimekarate.com\/pt-pt\/wp-json\/wp\/v2\/product_cat?post=8499"},{"taxonomy":"product_tag","embeddable":true,"href":"https:\/\/hajimekarate.com\/pt-pt\/wp-json\/wp\/v2\/product_tag?post=8499"}],"curies":[{"name":"wp","href":"https:\/\/api.w.org\/{rel}","templated":true}]}}