{"id":8495,"date":"2018-09-04T21:33:30","date_gmt":"2018-09-04T19:33:30","guid":{"rendered":"https:\/\/hajimekarate.com\/comprar\/caixa-de-apresentacao-para-cintos-negros\/"},"modified":"2026-04-25T09:29:32","modified_gmt":"2026-04-25T07:29:32","slug":"caixa-de-apresentacao-para-cintos-pretos","status":"publish","type":"product","link":"https:\/\/hajimekarate.com\/pt-pt\/comprar\/caixa-de-apresentacao-para-cintos-pretos\/","title":{"rendered":"Caixa de Apresenta\u00e7\u00e3o para Cintos Pretos"},"content":{"rendered":"","protected":false},"excerpt":{"rendered":"<p>Caixa elegante para manter o seu cinto de seda natural, seda acetinada ou algod\u00e3o e bordados em perfeitas condi\u00e7\u00f5es. Ideal como um presente. Dispon\u00edvel em dois tamanhos<\/p>\n","protected":false},"featured_media":8498,"template":"","meta":{"_joinchat":[]},"product_brand":[],"product_cat":[802,328,333,340,341],"product_tag":[2621],"class_list":{"0":"post-8495","1":"product","2":"type-product","3":"status-publish","4":"has-post-thumbnail","6":"product_cat-exclusivo-hajime","7":"product_cat-cintos-karate","8":"product_cat-acessorios-pt","9":"product_cat-marcas","10":"product_cat-kaiten","11":"product_tag-club-05-pt","13":"first","14":"instock","15":"taxable","16":"shipping-taxable","17":"purchasable","18":"product-type-variable","19":"has-default-attributes"},"_links":{"self":[{"href":"https:\/\/hajimekarate.com\/pt-pt\/wp-json\/wp\/v2\/product\/8495","targetHints":{"allow":["GET"]}}],"collection":[{"href":"https:\/\/hajimekarate.com\/pt-pt\/wp-json\/wp\/v2\/product"}],"about":[{"href":"https:\/\/hajimekarate.com\/pt-pt\/wp-json\/wp\/v2\/types\/product"}],"wp:featuredmedia":[{"embeddable":true,"href":"https:\/\/hajimekarate.com\/pt-pt\/wp-json\/wp\/v2\/media\/8498"}],"wp:attachment":[{"href":"https:\/\/hajimekarate.com\/pt-pt\/wp-json\/wp\/v2\/media?parent=8495"}],"wp:term":[{"taxonomy":"product_brand","embeddable":true,"href":"https:\/\/hajimekarate.com\/pt-pt\/wp-json\/wp\/v2\/product_brand?post=8495"},{"taxonomy":"product_cat","embeddable":true,"href":"https:\/\/hajimekarate.com\/pt-pt\/wp-json\/wp\/v2\/product_cat?post=8495"},{"taxonomy":"product_tag","embeddable":true,"href":"https:\/\/hajimekarate.com\/pt-pt\/wp-json\/wp\/v2\/product_tag?post=8495"}],"curies":[{"name":"wp","href":"https:\/\/api.w.org\/{rel}","templated":true}]}}