{"id":8493,"date":"2018-09-04T21:33:35","date_gmt":"2018-09-04T19:33:35","guid":{"rendered":"https:\/\/hajimekarate.com\/comprar\/capa-de-couro-para-makiwara\/"},"modified":"2026-01-30T13:01:42","modified_gmt":"2026-01-30T12:01:42","slug":"capa-de-couro-para-makiwara","status":"publish","type":"product","link":"https:\/\/hajimekarate.com\/pt-pt\/comprar\/capa-de-couro-para-makiwara\/","title":{"rendered":"Capa Shureido para Makiwara em Pele Natural"},"content":{"rendered":"[vc_row type=&#8221;in_container&#8221; full_screen_row_position=&#8221;middle&#8221; column_margin=&#8221;default&#8221; column_direction=&#8221;default&#8221; column_direction_tablet=&#8221;default&#8221; column_direction_phone=&#8221;default&#8221; scene_position=&#8221;center&#8221; text_color=&#8221;dark&#8221; text_align=&#8221;left&#8221; row_border_radius=&#8221;none&#8221; row_border_radius_applies=&#8221;bg&#8221; overflow=&#8221;visible&#8221; overlay_strength=&#8221;0.3&#8243; gradient_direction=&#8221;left_to_right&#8221; shape_divider_position=&#8221;bottom&#8221; bg_image_animation=&#8221;none&#8221;][vc_column column_padding=&#8221;no-extra-padding&#8221; column_padding_tablet=&#8221;inherit&#8221; column_padding_phone=&#8221;inherit&#8221; column_padding_position=&#8221;all&#8221; column_element_spacing=&#8221;default&#8221; background_color_opacity=&#8221;1&#8243; background_hover_color_opacity=&#8221;1&#8243; column_shadow=&#8221;none&#8221; column_border_radius=&#8221;none&#8221; column_link_target=&#8221;_self&#8221; column_position=&#8221;default&#8221; gradient_direction=&#8221;left_to_right&#8221; overlay_strength=&#8221;0.3&#8243; width=&#8221;1\/1&#8243; tablet_width_inherit=&#8221;default&#8221; tablet_text_alignment=&#8221;default&#8221; phone_text_alignment=&#8221;default&#8221; animation_type=&#8221;default&#8221; bg_image_animation=&#8221;none&#8221; border_type=&#8221;simple&#8221; column_border_width=&#8221;none&#8221; column_border_style=&#8221;solid&#8221;][vc_column_text]Medidas<\/p>\n<p>&#8211; Largura: 11,5 cm<br \/>\n&#8211; Altura: 17,5 cm<br \/>\n&#8211; Espessura: 1,5 cm<\/p>\n<p>* Ao ser fabricado em pele de vaca pode haver uma pequena diferen\u00e7a nas medidas.[\/vc_column_text][\/vc_column][\/vc_row]\n","protected":false},"excerpt":{"rendered":"<p>Capa Shureido para Makiwara em Pele Natural.<\/p>\n<p>Presente ou lembran\u00e7a ideal, podemos personaliz\u00e1-lo com o seu nome em Japon\u00eas, Katakana, e\/ou o seu estilo em Kanji ou, ainda, outro texto que preferira.<\/p>\n<p>A personaliza\u00e7\u00e3o demora cerca de 15 a 18 dias \u00fateis.<\/p>\n<p>Fabricado em pele de vaca.<br \/>\nAcolchoado com uma espuma especial.<\/p>\n<p>IMPORTANTE: Todas as nossas armas e utens\u00edlios s\u00e3o vendidos como artigos de cole\u00e7\u00e3o e \u00e9 proibida a sua utiliza\u00e7\u00e3o ou transporte como armas.<\/p>\n","protected":false},"featured_media":8494,"template":"","meta":{"_joinchat":[]},"product_brand":[],"product_cat":[800,1391,340,342],"product_tag":[2622],"class_list":{"0":"post-8493","1":"product","2":"type-product","3":"status-publish","4":"has-post-thumbnail","6":"product_cat-armas-e-utensilios","7":"product_cat-armas-e-utensilios-shureido","8":"product_cat-marcas","9":"product_cat-shureido","10":"product_tag-club-10-pt","12":"first","13":"instock","14":"taxable","15":"shipping-taxable","16":"purchasable","17":"product-type-simple"},"_links":{"self":[{"href":"https:\/\/hajimekarate.com\/pt-pt\/wp-json\/wp\/v2\/product\/8493","targetHints":{"allow":["GET"]}}],"collection":[{"href":"https:\/\/hajimekarate.com\/pt-pt\/wp-json\/wp\/v2\/product"}],"about":[{"href":"https:\/\/hajimekarate.com\/pt-pt\/wp-json\/wp\/v2\/types\/product"}],"wp:featuredmedia":[{"embeddable":true,"href":"https:\/\/hajimekarate.com\/pt-pt\/wp-json\/wp\/v2\/media\/8494"}],"wp:attachment":[{"href":"https:\/\/hajimekarate.com\/pt-pt\/wp-json\/wp\/v2\/media?parent=8493"}],"wp:term":[{"taxonomy":"product_brand","embeddable":true,"href":"https:\/\/hajimekarate.com\/pt-pt\/wp-json\/wp\/v2\/product_brand?post=8493"},{"taxonomy":"product_cat","embeddable":true,"href":"https:\/\/hajimekarate.com\/pt-pt\/wp-json\/wp\/v2\/product_cat?post=8493"},{"taxonomy":"product_tag","embeddable":true,"href":"https:\/\/hajimekarate.com\/pt-pt\/wp-json\/wp\/v2\/product_tag?post=8493"}],"curies":[{"name":"wp","href":"https:\/\/api.w.org\/{rel}","templated":true}]}}