{"id":8489,"date":"2018-09-04T21:33:37","date_gmt":"2018-09-04T19:33:37","guid":{"rendered":"https:\/\/hajimekarate.com\/comprar\/poster-funakoshi\/"},"modified":"2025-12-29T17:17:26","modified_gmt":"2025-12-29T16:17:26","slug":"poster-gichin-funakoshi","status":"publish","type":"product","link":"https:\/\/hajimekarate.com\/pt-pt\/comprar\/poster-gichin-funakoshi\/","title":{"rendered":"Poster Gichin Funakoshi"},"content":{"rendered":"","protected":false},"excerpt":{"rendered":"<p>P\u00f3ster a preto e branco do grande mestre Gichin Funakoshi, pai do Karat\u00e9 Do moderno, pelo seu trabalho na divulga\u00e7\u00e3o desta disciplina nas principais ilhas do Jap\u00e3o e por ter sido o fundador do estilo Shotokan Karat\u00e9 Do, juntamente com o seu filho Yoshitaka Funakoshi.<\/p>\n<p>Tamanho do p\u00f3ster 45 \u00d7 60 cm.<\/p>\n","protected":false},"featured_media":8490,"template":"","meta":{"_joinchat":[]},"product_brand":[],"product_cat":[1129,802],"product_tag":[2622],"class_list":{"0":"post-8489","1":"product","2":"type-product","3":"status-publish","4":"has-post-thumbnail","6":"product_cat-decoracao","7":"product_cat-exclusivo-hajime","8":"product_tag-club-10-pt","10":"first","11":"outofstock","12":"taxable","13":"shipping-taxable","14":"purchasable","15":"product-type-simple"},"_links":{"self":[{"href":"https:\/\/hajimekarate.com\/pt-pt\/wp-json\/wp\/v2\/product\/8489","targetHints":{"allow":["GET"]}}],"collection":[{"href":"https:\/\/hajimekarate.com\/pt-pt\/wp-json\/wp\/v2\/product"}],"about":[{"href":"https:\/\/hajimekarate.com\/pt-pt\/wp-json\/wp\/v2\/types\/product"}],"wp:featuredmedia":[{"embeddable":true,"href":"https:\/\/hajimekarate.com\/pt-pt\/wp-json\/wp\/v2\/media\/8490"}],"wp:attachment":[{"href":"https:\/\/hajimekarate.com\/pt-pt\/wp-json\/wp\/v2\/media?parent=8489"}],"wp:term":[{"taxonomy":"product_brand","embeddable":true,"href":"https:\/\/hajimekarate.com\/pt-pt\/wp-json\/wp\/v2\/product_brand?post=8489"},{"taxonomy":"product_cat","embeddable":true,"href":"https:\/\/hajimekarate.com\/pt-pt\/wp-json\/wp\/v2\/product_cat?post=8489"},{"taxonomy":"product_tag","embeddable":true,"href":"https:\/\/hajimekarate.com\/pt-pt\/wp-json\/wp\/v2\/product_tag?post=8489"}],"curies":[{"name":"wp","href":"https:\/\/api.w.org\/{rel}","templated":true}]}}