{"id":8487,"date":"2018-09-04T21:33:37","date_gmt":"2018-09-04T19:33:37","guid":{"rendered":"https:\/\/hajimekarate.com\/comprar\/pack-de-escudos-minimo-25-uds\/"},"modified":"2025-05-08T08:50:34","modified_gmt":"2025-05-08T06:50:34","slug":"pack-de-escudos","status":"publish","type":"product","link":"https:\/\/hajimekarate.com\/pt-pt\/comprar\/pack-de-escudos\/","title":{"rendered":"Pack de Escudos (m\u00ednimo 25 unidades)"},"content":{"rendered":"","protected":false},"excerpt":{"rendered":"<p>Encomende j\u00e1 o seu pack de escudos personalizados com o s\u00edmbolo do seu Clube. A partir de 25 unidades. Se for a primeira vez que encomenda o seu escudo, ser\u00e1 acrescentado um suplemento de 35,00\u20ac.<\/p>\n","protected":false},"featured_media":8488,"template":"","meta":{"_joinchat":[]},"product_brand":[],"product_cat":[2911,3113,333,334],"product_tag":[2627],"class_list":{"0":"post-8487","1":"product","2":"type-product","3":"status-publish","4":"has-post-thumbnail","6":"product_cat-equipamento-de-karate-personalizado","7":"product_cat-karate-tradicional-pt","8":"product_cat-acessorios-pt","9":"product_cat-karateguis","10":"product_tag-club-15-pt","12":"first","13":"instock","14":"taxable","15":"shipping-taxable","16":"purchasable","17":"product-type-simple"},"_links":{"self":[{"href":"https:\/\/hajimekarate.com\/pt-pt\/wp-json\/wp\/v2\/product\/8487","targetHints":{"allow":["GET"]}}],"collection":[{"href":"https:\/\/hajimekarate.com\/pt-pt\/wp-json\/wp\/v2\/product"}],"about":[{"href":"https:\/\/hajimekarate.com\/pt-pt\/wp-json\/wp\/v2\/types\/product"}],"wp:featuredmedia":[{"embeddable":true,"href":"https:\/\/hajimekarate.com\/pt-pt\/wp-json\/wp\/v2\/media\/8488"}],"wp:attachment":[{"href":"https:\/\/hajimekarate.com\/pt-pt\/wp-json\/wp\/v2\/media?parent=8487"}],"wp:term":[{"taxonomy":"product_brand","embeddable":true,"href":"https:\/\/hajimekarate.com\/pt-pt\/wp-json\/wp\/v2\/product_brand?post=8487"},{"taxonomy":"product_cat","embeddable":true,"href":"https:\/\/hajimekarate.com\/pt-pt\/wp-json\/wp\/v2\/product_cat?post=8487"},{"taxonomy":"product_tag","embeddable":true,"href":"https:\/\/hajimekarate.com\/pt-pt\/wp-json\/wp\/v2\/product_tag?post=8487"}],"curies":[{"name":"wp","href":"https:\/\/api.w.org\/{rel}","templated":true}]}}