{"id":8396,"date":"2018-09-04T21:36:54","date_gmt":"2018-09-04T19:36:54","guid":{"rendered":"https:\/\/hajimekarate.com\/comprar\/cinto-basico-kaiten-monocolor\/"},"modified":"2026-03-10T16:24:44","modified_gmt":"2026-03-10T15:24:44","slug":"cinturoes-karate-de-cor","status":"publish","type":"product","link":"https:\/\/hajimekarate.com\/pt-pt\/comprar\/cinturoes-karate-de-cor\/","title":{"rendered":"Cintos de Cor para Karat\u00e9 | Kaiten | Hajime"},"content":{"rendered":"<div class=\"woocommerce-tabs wc-tabs-wrapper full-width-tabs\" data-tab-style=\"fullwidth\">\n<div id=\"tab-description\" class=\"panel entry-content\">\n<p>Cintos de Karat\u00e9 monocolores, 100% algod\u00e3o. O peso oscila entre as 250 gramas e as 500 gramas, dependendo do tamanho escolhido. Fabricados em algod\u00e3o de qualidade que lhes confere uma espessura perfeita para a pr\u00e1tica de Karat\u00e9 no Dojo.<\/p>\n<p>O cinto no Karat\u00e9 indica a gradua\u00e7\u00e3o que tem o Karateca que o usa. Este identifica o seu n\u00edvel de t\u00e9cnica, habilidades e experi\u00eancia. As cores dos cintos por vezes variam de acordo com a federa\u00e7\u00e3o ou linha de Karat\u00e9 que \u00e9 praticado. O sistema de gradua\u00e7\u00f5es dos cintos de Karat\u00e9 denomina-se Kyu ou gradua\u00e7\u00f5es Kyu. Por outro lado, as gradua\u00e7\u00f5es de Dan existentes no Karat\u00e9 foram integradas tendo como refer\u00eancia outra arte marcial, o Judo, de origem japonesa. As gradua\u00e7\u00f5es de Dan s\u00e3o o n\u00edvel mais elevado na pr\u00e1tica de Karat\u00e9 e v\u00eam refletidas nos cintos pretos de Karat\u00e9 (de 1\u00ba a 10\u00ba Dan). Quais s\u00e3o as gradua\u00e7\u00f5es de Kyu? Dependem do estilo e em Portugal podem ser: 10\u00ba Kyu &#8211; Branco, 9\u00ba Kyu &#8211; Branco ou Amarelo, 8\u00ba Kyu &#8211; Amarelo ou Laranja, 7\u00ba Kyu &#8211; Laranja, 6\u00ba &#8211; Verde, 5\u00ba Kyu &#8211; Verde ou Azul, 4\u00ba Kyu &#8211; Azul, Vermelho ou Violeta, 3\u00ba Kyu &#8211; Azul ou Castanho, 2\u00ba e 1\u00ba Kyu &#8211; Castanho. Mas antes de comprar consulte o seu Instrutor.<\/p>\n<p>&nbsp;<\/p>\n<\/div>\n<\/div>\n<div class=\"clear\"><\/div>\n","protected":false},"excerpt":{"rendered":"<p>Cintos b\u00e1sicos de cor para Karat\u00e9 para gradua\u00e7\u00f5es de Kyu. Dispon\u00edveis nas marcas Kaiten e Hajime. Fabrico 100% algod\u00e3o com excelentes acabamentos.  <\/p>\n","protected":false},"featured_media":8452,"template":"","meta":{"_joinchat":[]},"product_brand":[],"product_cat":[3369,328,330,341],"product_tag":[2958],"class_list":{"0":"post-8396","1":"product","2":"type-product","3":"status-publish","4":"has-post-thumbnail","6":"product_cat-cintos-de-cor","7":"product_cat-cintos-karate","8":"product_cat-cintos-kaiten","9":"product_cat-kaiten","10":"product_tag-club-50-pt","12":"first","13":"instock","14":"taxable","15":"shipping-taxable","16":"purchasable","17":"product-type-variable","18":"has-default-attributes"},"_links":{"self":[{"href":"https:\/\/hajimekarate.com\/pt-pt\/wp-json\/wp\/v2\/product\/8396","targetHints":{"allow":["GET"]}}],"collection":[{"href":"https:\/\/hajimekarate.com\/pt-pt\/wp-json\/wp\/v2\/product"}],"about":[{"href":"https:\/\/hajimekarate.com\/pt-pt\/wp-json\/wp\/v2\/types\/product"}],"wp:featuredmedia":[{"embeddable":true,"href":"https:\/\/hajimekarate.com\/pt-pt\/wp-json\/wp\/v2\/media\/8452"}],"wp:attachment":[{"href":"https:\/\/hajimekarate.com\/pt-pt\/wp-json\/wp\/v2\/media?parent=8396"}],"wp:term":[{"taxonomy":"product_brand","embeddable":true,"href":"https:\/\/hajimekarate.com\/pt-pt\/wp-json\/wp\/v2\/product_brand?post=8396"},{"taxonomy":"product_cat","embeddable":true,"href":"https:\/\/hajimekarate.com\/pt-pt\/wp-json\/wp\/v2\/product_cat?post=8396"},{"taxonomy":"product_tag","embeddable":true,"href":"https:\/\/hajimekarate.com\/pt-pt\/wp-json\/wp\/v2\/product_tag?post=8396"}],"curies":[{"name":"wp","href":"https:\/\/api.w.org\/{rel}","templated":true}]}}