{"id":8375,"date":"2018-09-04T21:37:31","date_gmt":"2018-09-04T19:37:31","guid":{"rendered":"https:\/\/hajimekarate.com\/comprar\/cinto-negro-kaiten-algodao-qualidade-superior\/"},"modified":"2025-02-17T16:03:26","modified_gmt":"2025-02-17T15:03:26","slug":"cinto-preto-kaiten-algodao-qualidade-superior","status":"publish","type":"product","link":"https:\/\/hajimekarate.com\/pt-pt\/comprar\/cinto-preto-kaiten-algodao-qualidade-superior\/","title":{"rendered":"Cinto Preto Kaiten Algod\u00e3o Qualidade Superior"},"content":{"rendered":"","protected":false},"excerpt":{"rendered":"<p>Cinto preto da Kaiten para Karat\u00e9 fabricado em algod\u00e3o de elevada qualidade. Se deseja o cinto personalizado, o prazo de entrega aproximado \u00e9 de 4 meses no bordado que n\u00e3o atravessa o cinto ou 18 dias no bordado que atravessa o cinto. Sem personaliza\u00e7\u00e3o, dispon\u00edvel em apenas uma semana.<\/p>\n","protected":false},"featured_media":8381,"template":"","meta":{"_joinchat":[]},"product_brand":[],"product_cat":[1893,331,328,330,341],"product_tag":[2628],"class_list":{"0":"post-8375","1":"product","2":"type-product","3":"status-publish","4":"has-post-thumbnail","6":"product_cat-cintos-personalizados","7":"product_cat-cintos-pretos","8":"product_cat-cintos-karate","9":"product_cat-cintos-kaiten","10":"product_cat-kaiten","11":"product_tag-club-20-pt-pt","13":"first","14":"instock","15":"taxable","16":"shipping-taxable","17":"purchasable","18":"product-type-variable"},"_links":{"self":[{"href":"https:\/\/hajimekarate.com\/pt-pt\/wp-json\/wp\/v2\/product\/8375","targetHints":{"allow":["GET"]}}],"collection":[{"href":"https:\/\/hajimekarate.com\/pt-pt\/wp-json\/wp\/v2\/product"}],"about":[{"href":"https:\/\/hajimekarate.com\/pt-pt\/wp-json\/wp\/v2\/types\/product"}],"wp:featuredmedia":[{"embeddable":true,"href":"https:\/\/hajimekarate.com\/pt-pt\/wp-json\/wp\/v2\/media\/8381"}],"wp:attachment":[{"href":"https:\/\/hajimekarate.com\/pt-pt\/wp-json\/wp\/v2\/media?parent=8375"}],"wp:term":[{"taxonomy":"product_brand","embeddable":true,"href":"https:\/\/hajimekarate.com\/pt-pt\/wp-json\/wp\/v2\/product_brand?post=8375"},{"taxonomy":"product_cat","embeddable":true,"href":"https:\/\/hajimekarate.com\/pt-pt\/wp-json\/wp\/v2\/product_cat?post=8375"},{"taxonomy":"product_tag","embeddable":true,"href":"https:\/\/hajimekarate.com\/pt-pt\/wp-json\/wp\/v2\/product_tag?post=8375"}],"curies":[{"name":"wp","href":"https:\/\/api.w.org\/{rel}","templated":true}]}}