{"id":8351,"date":"2018-09-04T21:37:49","date_gmt":"2018-09-04T19:37:49","guid":{"rendered":"https:\/\/hajimekarate.com\/comprar\/cinto-negro-kaiten-seda-o-seda-cetim-espessura-standard-ou-especial\/"},"modified":"2025-03-31T09:20:57","modified_gmt":"2025-03-31T07:20:57","slug":"cinto-kaiten-seda-acetinada-normal-especial","status":"publish","type":"product","link":"https:\/\/hajimekarate.com\/pt-pt\/comprar\/cinto-kaiten-seda-acetinada-normal-especial\/","title":{"rendered":"Cinto Preto Kaiten Seda Natural ou Seda Acetinada \u2013 Grossura Normal ou Especial"},"content":{"rendered":"","protected":false},"excerpt":{"rendered":"<p>Cinto preto Kaiten de seda para Karat\u00e9. Dispon\u00edvel em diferentes tamanhos, qualidades e espessuras. Se deseja o cinto personalizado, o prazo de entrega aproximado \u00e9 de 4 meses no bordado que n\u00e3o atravessa o cinto ou 18 dias no bordado que atravessa o cinto. Sem personaliza\u00e7\u00e3o, dispon\u00edvel em apenas uma semana.<\/p>\n<p>Apenas os cintos de seda natural especialmente espessos s\u00e3o entregues numa <a href=\"https:\/\/hajimekarate.com\/pt-pt\/comprar\/caixa-de-apresentacao-para-cinturoes-negros\/\" target=\"_blank\" rel=\"noopener\">caixa de apresenta\u00e7\u00e3o<\/a>.<\/p>\n","protected":false},"featured_media":8374,"template":"","meta":{"_joinchat":[]},"product_brand":[],"product_cat":[1893,331,328,330,341],"product_tag":[2627],"class_list":{"0":"post-8351","1":"product","2":"type-product","3":"status-publish","4":"has-post-thumbnail","6":"product_cat-cintos-personalizados","7":"product_cat-cintos-pretos","8":"product_cat-cintos-karate","9":"product_cat-cintos-kaiten","10":"product_cat-kaiten","11":"product_tag-club-15-pt","13":"first","14":"instock","15":"taxable","16":"shipping-taxable","17":"purchasable","18":"product-type-variable"},"_links":{"self":[{"href":"https:\/\/hajimekarate.com\/pt-pt\/wp-json\/wp\/v2\/product\/8351","targetHints":{"allow":["GET"]}}],"collection":[{"href":"https:\/\/hajimekarate.com\/pt-pt\/wp-json\/wp\/v2\/product"}],"about":[{"href":"https:\/\/hajimekarate.com\/pt-pt\/wp-json\/wp\/v2\/types\/product"}],"wp:featuredmedia":[{"embeddable":true,"href":"https:\/\/hajimekarate.com\/pt-pt\/wp-json\/wp\/v2\/media\/8374"}],"wp:attachment":[{"href":"https:\/\/hajimekarate.com\/pt-pt\/wp-json\/wp\/v2\/media?parent=8351"}],"wp:term":[{"taxonomy":"product_brand","embeddable":true,"href":"https:\/\/hajimekarate.com\/pt-pt\/wp-json\/wp\/v2\/product_brand?post=8351"},{"taxonomy":"product_cat","embeddable":true,"href":"https:\/\/hajimekarate.com\/pt-pt\/wp-json\/wp\/v2\/product_cat?post=8351"},{"taxonomy":"product_tag","embeddable":true,"href":"https:\/\/hajimekarate.com\/pt-pt\/wp-json\/wp\/v2\/product_tag?post=8351"}],"curies":[{"name":"wp","href":"https:\/\/api.w.org\/{rel}","templated":true}]}}