{"id":8340,"date":"2018-09-04T21:37:49","date_gmt":"2018-09-04T19:37:49","guid":{"rendered":"https:\/\/hajimekarate.com\/comprar\/cinto-kaiten-kumite-wkf\/"},"modified":"2026-01-13T16:48:43","modified_gmt":"2026-01-13T15:48:43","slug":"cinturon-kaiten-kumite","status":"publish","type":"product","link":"https:\/\/hajimekarate.com\/pt-pt\/comprar\/cinturon-kaiten-kumite\/","title":{"rendered":"Cintur\u00e3o Kaiten Kumite | Etiqueta WKF | N\u00e3o homologado"},"content":{"rendered":"","protected":false},"excerpt":{"rendered":"<p>Cintos de karat\u00e9 vermelhos e azuis para competi\u00e7\u00e3o. Ideal para competi\u00e7\u00f5es de Kumite devido \u00e0 sua leveza.<\/p>\n","protected":false},"featured_media":8347,"template":"","meta":{"_joinchat":[]},"product_brand":[],"product_cat":[3369,2399,1374,328,330,341],"product_tag":[2628],"class_list":{"0":"post-8340","1":"product","2":"type-product","3":"status-publish","4":"has-post-thumbnail","6":"product_cat-cintos-de-cor","7":"product_cat-kumite-concurso","8":"product_cat-promocoes-pt-pt","9":"product_cat-cintos-karate","10":"product_cat-cintos-kaiten","11":"product_cat-kaiten","12":"product_tag-club-20-pt-pt","14":"first","15":"instock","16":"sale","17":"taxable","18":"shipping-taxable","19":"purchasable","20":"product-type-variable","21":"has-default-attributes"},"_links":{"self":[{"href":"https:\/\/hajimekarate.com\/pt-pt\/wp-json\/wp\/v2\/product\/8340","targetHints":{"allow":["GET"]}}],"collection":[{"href":"https:\/\/hajimekarate.com\/pt-pt\/wp-json\/wp\/v2\/product"}],"about":[{"href":"https:\/\/hajimekarate.com\/pt-pt\/wp-json\/wp\/v2\/types\/product"}],"wp:featuredmedia":[{"embeddable":true,"href":"https:\/\/hajimekarate.com\/pt-pt\/wp-json\/wp\/v2\/media\/8347"}],"wp:attachment":[{"href":"https:\/\/hajimekarate.com\/pt-pt\/wp-json\/wp\/v2\/media?parent=8340"}],"wp:term":[{"taxonomy":"product_brand","embeddable":true,"href":"https:\/\/hajimekarate.com\/pt-pt\/wp-json\/wp\/v2\/product_brand?post=8340"},{"taxonomy":"product_cat","embeddable":true,"href":"https:\/\/hajimekarate.com\/pt-pt\/wp-json\/wp\/v2\/product_cat?post=8340"},{"taxonomy":"product_tag","embeddable":true,"href":"https:\/\/hajimekarate.com\/pt-pt\/wp-json\/wp\/v2\/product_tag?post=8340"}],"curies":[{"name":"wp","href":"https:\/\/api.w.org\/{rel}","templated":true}]}}