{"id":8328,"date":"2018-09-04T21:38:10","date_gmt":"2018-09-04T19:38:10","guid":{"rendered":"https:\/\/hajimekarate.com\/comprar\/cinto-kaiten-negro-basico\/"},"modified":"2023-10-10T17:53:56","modified_gmt":"2023-10-10T15:53:56","slug":"cinto-karate-kaiten-preto-basico","status":"publish","type":"product","link":"https:\/\/hajimekarate.com\/pt-pt\/comprar\/cinto-karate-kaiten-preto-basico\/","title":{"rendered":"Cinto Preto Kaiten B\u00e1sico"},"content":{"rendered":"","protected":false},"excerpt":{"rendered":"<p>Cinto preto de Karat\u00e9 b\u00e1sico da Kaiten fabricado em algod\u00e3o.<\/p>\n","protected":false},"featured_media":8334,"template":"","meta":{"_joinchat":[]},"product_brand":[],"product_cat":[331,328,330,341],"product_tag":[2633],"class_list":{"0":"post-8328","1":"product","2":"type-product","3":"status-publish","4":"has-post-thumbnail","6":"product_cat-cintos-pretos","7":"product_cat-cintos-karate","8":"product_cat-cintos-kaiten","9":"product_cat-kaiten","10":"product_tag-club-33-pt","12":"first","13":"instock","14":"taxable","15":"shipping-taxable","16":"purchasable","17":"product-type-variable"},"_links":{"self":[{"href":"https:\/\/hajimekarate.com\/pt-pt\/wp-json\/wp\/v2\/product\/8328","targetHints":{"allow":["GET"]}}],"collection":[{"href":"https:\/\/hajimekarate.com\/pt-pt\/wp-json\/wp\/v2\/product"}],"about":[{"href":"https:\/\/hajimekarate.com\/pt-pt\/wp-json\/wp\/v2\/types\/product"}],"wp:featuredmedia":[{"embeddable":true,"href":"https:\/\/hajimekarate.com\/pt-pt\/wp-json\/wp\/v2\/media\/8334"}],"wp:attachment":[{"href":"https:\/\/hajimekarate.com\/pt-pt\/wp-json\/wp\/v2\/media?parent=8328"}],"wp:term":[{"taxonomy":"product_brand","embeddable":true,"href":"https:\/\/hajimekarate.com\/pt-pt\/wp-json\/wp\/v2\/product_brand?post=8328"},{"taxonomy":"product_cat","embeddable":true,"href":"https:\/\/hajimekarate.com\/pt-pt\/wp-json\/wp\/v2\/product_cat?post=8328"},{"taxonomy":"product_tag","embeddable":true,"href":"https:\/\/hajimekarate.com\/pt-pt\/wp-json\/wp\/v2\/product_tag?post=8328"}],"curies":[{"name":"wp","href":"https:\/\/api.w.org\/{rel}","templated":true}]}}