{"id":82918,"date":"2025-03-25T11:20:37","date_gmt":"2025-03-25T10:20:37","guid":{"rendered":"https:\/\/hajimekarate.com\/comprar\/tokaido-mytrolley-saco-trolley-desportivo\/"},"modified":"2025-04-10T16:24:24","modified_gmt":"2025-04-10T14:24:24","slug":"tokaido-mytrolley-saco-desportivo-rodas","status":"publish","type":"product","link":"https:\/\/hajimekarate.com\/pt-pt\/comprar\/tokaido-mytrolley-saco-desportivo-rodas\/","title":{"rendered":"Tokaido MyTrolley | Saco Desportivo com Rodas"},"content":{"rendered":"<h3 class=\"\" data-start=\"929\" data-end=\"955\"><strong data-start=\"933\" data-end=\"953\">Caracter\u00edsticas:<\/strong><\/h3>\n<ul>\n<li data-start=\"956\" data-end=\"1412\">Design espa\u00e7oso para transportar todo o teu equipamento de Karat\u00e9.<\/li>\n<li data-start=\"956\" data-end=\"1412\">Rodas resistentes para um transporte sem esfor\u00e7o.<\/li>\n<li data-start=\"956\" data-end=\"1412\">Divis\u00f3ria interna rebat\u00edvel para uma melhor organiza\u00e7\u00e3o.<\/li>\n<li data-start=\"956\" data-end=\"1412\">Velcro frontal para fixar escudos personalizados.<\/li>\n<li data-start=\"956\" data-end=\"1412\">Al\u00e7a acolchoada para maior conforto remov\u00edvel.<\/li>\n<li data-start=\"956\" data-end=\"1412\">Inclui correia de transporte para op\u00e7\u00f5es adicionais.<\/li>\n<li data-start=\"956\" data-end=\"1412\">Material resistente e dur\u00e1vel para suportar o uso di\u00e1rio.<\/li>\n<\/ul>\n<h3 data-start=\"1414\" data-end=\"1463\">Dimens\u00f5es:<\/h3>\n<ul>\n<li data-start=\"1414\" data-end=\"1463\">Aproximadamente 73 \u00d7 37 \u00d7 33 cm <\/li>\n<\/ul>\n","protected":false},"excerpt":{"rendered":"<p class=\"\" data-start=\"216\" data-end=\"633\">O Tokaido MyTrolley \u00e9 o saco desportivo com rodas definitivo para Karatekas que procuram comodidade e grande capacidade sem comprometer a organiza\u00e7\u00e3o. Gra\u00e7as \u00e0s suas rodas robustas, podes transportar facilmente todo o teu equipamento de Karat\u00e9, seja para treinos, competi\u00e7\u00f5es ou viagens. O seu compartimento principal de grandes dimens\u00f5es, com divis\u00f3ria rebat\u00edvel, permite organizar o material de forma eficiente, adaptando-se \u00e0s tuas necessidades.  <\/p>\n<p class=\"\" data-start=\"635\" data-end=\"927\">Desenhado para a m\u00e1xima funcionalidade, inclui um velcro frontal para fixar escudos personalizados e uma al\u00e7a acolchoada remov\u00edvel, oferecendo v\u00e1rias op\u00e7\u00f5es de transporte. A sua estrutura resistente garante uma durabilidade excecional, mesmo com uso frequente. <\/p>\n<p>Para Karatekas que viajam e treinam frequentemente, o Tokaido MyTrolley \u00e9 a combina\u00e7\u00e3o perfeita de comodidade, resist\u00eancia, durabilidade e organiza\u00e7\u00e3o.<\/p>\n","protected":false},"featured_media":82884,"template":"","meta":{"_joinchat":[]},"product_brand":[],"product_cat":[2493,3150,333,340],"product_tag":[2622],"class_list":{"0":"post-82918","1":"product","2":"type-product","3":"status-publish","4":"has-post-thumbnail","6":"product_cat-sacos-karate","7":"product_cat-tokaido-pt","8":"product_cat-acessorios-pt","9":"product_cat-marcas","10":"product_tag-club-10-pt","12":"first","13":"onbackorder","14":"taxable","15":"shipping-taxable","16":"purchasable","17":"product-type-simple"},"_links":{"self":[{"href":"https:\/\/hajimekarate.com\/pt-pt\/wp-json\/wp\/v2\/product\/82918","targetHints":{"allow":["GET"]}}],"collection":[{"href":"https:\/\/hajimekarate.com\/pt-pt\/wp-json\/wp\/v2\/product"}],"about":[{"href":"https:\/\/hajimekarate.com\/pt-pt\/wp-json\/wp\/v2\/types\/product"}],"wp:featuredmedia":[{"embeddable":true,"href":"https:\/\/hajimekarate.com\/pt-pt\/wp-json\/wp\/v2\/media\/82884"}],"wp:attachment":[{"href":"https:\/\/hajimekarate.com\/pt-pt\/wp-json\/wp\/v2\/media?parent=82918"}],"wp:term":[{"taxonomy":"product_brand","embeddable":true,"href":"https:\/\/hajimekarate.com\/pt-pt\/wp-json\/wp\/v2\/product_brand?post=82918"},{"taxonomy":"product_cat","embeddable":true,"href":"https:\/\/hajimekarate.com\/pt-pt\/wp-json\/wp\/v2\/product_cat?post=82918"},{"taxonomy":"product_tag","embeddable":true,"href":"https:\/\/hajimekarate.com\/pt-pt\/wp-json\/wp\/v2\/product_tag?post=82918"}],"curies":[{"name":"wp","href":"https:\/\/api.w.org\/{rel}","templated":true}]}}