{"id":8289,"date":"2018-09-04T21:38:27","date_gmt":"2018-09-04T19:38:27","guid":{"rendered":"https:\/\/hajimekarate.com\/comprar\/cinto-shureido-azul-ou-vermelho-para-kumite-homologados-pela-wkf\/"},"modified":"2026-02-11T11:02:31","modified_gmt":"2026-02-11T10:02:31","slug":"cinto-karate-competicao-kumite-shureido-wkf-vermelho-azul","status":"publish","type":"product","link":"https:\/\/hajimekarate.com\/pt-pt\/comprar\/cinto-karate-competicao-kumite-shureido-wkf-vermelho-azul\/","title":{"rendered":"Cinto de karat\u00e9 de competi\u00e7\u00e3o | Kumite | SHUREIDO | WKF | Vermelho\/Azul"},"content":{"rendered":"<p><strong>Caracter\u00edsticas:<\/strong><\/p>\n<ul>\n<li>Obi homologado pela WKF.<\/li>\n<li>11 costuras.<\/li>\n<li>Cor resistente e duradoura.<\/li>\n<li>100% algod\u00e3o leve.<\/li>\n<li>Ideal para competi\u00e7\u00f5es de KUMITE<\/li>\n<li>Largura aproximada: 4,5 cm.<\/li>\n<li>Dispon\u00edvel em azul e vermelho.<\/li>\n<\/ul>\n","protected":false},"excerpt":{"rendered":"<p>Cinto de karat\u00ea Shureido vermelho e azul para competi\u00e7\u00e3o. Confeccionado em algod\u00e3o, ideal para Kumite devido \u00e0 sua leveza. Com etiqueta da WKF.<\/p>\n","protected":false},"featured_media":8298,"template":"","meta":{"_joinchat":[]},"product_brand":[],"product_cat":[329,2486,1892,2399,1374,328,332,342],"product_tag":[2630],"class_list":{"0":"post-8289","1":"product","2":"type-product","3":"status-publish","4":"has-post-thumbnail","6":"product_cat-cintos-competicao-wkf","7":"product_cat-cintos-kumite-wkf","8":"product_cat-competidores-de-pouso-de-equipamentos-de-alta-competicao","9":"product_cat-kumite-concurso","10":"product_cat-promocoes-pt-pt","11":"product_cat-cintos-karate","12":"product_cat-cintos-shureido","13":"product_cat-shureido","14":"product_tag-club-25-pt-pt-2","16":"first","17":"instock","18":"sale","19":"taxable","20":"shipping-taxable","21":"purchasable","22":"product-type-variable","23":"has-default-attributes"},"_links":{"self":[{"href":"https:\/\/hajimekarate.com\/pt-pt\/wp-json\/wp\/v2\/product\/8289","targetHints":{"allow":["GET"]}}],"collection":[{"href":"https:\/\/hajimekarate.com\/pt-pt\/wp-json\/wp\/v2\/product"}],"about":[{"href":"https:\/\/hajimekarate.com\/pt-pt\/wp-json\/wp\/v2\/types\/product"}],"wp:featuredmedia":[{"embeddable":true,"href":"https:\/\/hajimekarate.com\/pt-pt\/wp-json\/wp\/v2\/media\/8298"}],"wp:attachment":[{"href":"https:\/\/hajimekarate.com\/pt-pt\/wp-json\/wp\/v2\/media?parent=8289"}],"wp:term":[{"taxonomy":"product_brand","embeddable":true,"href":"https:\/\/hajimekarate.com\/pt-pt\/wp-json\/wp\/v2\/product_brand?post=8289"},{"taxonomy":"product_cat","embeddable":true,"href":"https:\/\/hajimekarate.com\/pt-pt\/wp-json\/wp\/v2\/product_cat?post=8289"},{"taxonomy":"product_tag","embeddable":true,"href":"https:\/\/hajimekarate.com\/pt-pt\/wp-json\/wp\/v2\/product_tag?post=8289"}],"curies":[{"name":"wp","href":"https:\/\/api.w.org\/{rel}","templated":true}]}}