{"id":82879,"date":"2025-03-24T17:35:53","date_gmt":"2025-03-24T16:35:53","guid":{"rendered":"https:\/\/hajimekarate.com\/comprar\/tokaido-monster-bag-pro-saco-de-desporto-multifuncional-preto-vermelho-wkf\/"},"modified":"2025-04-10T16:48:07","modified_gmt":"2025-04-10T14:48:07","slug":"tokaido-monster-bag-pro-saco-preto-vermelho-wkf","status":"publish","type":"product","link":"https:\/\/hajimekarate.com\/pt-pt\/comprar\/tokaido-monster-bag-pro-saco-preto-vermelho-wkf\/","title":{"rendered":"Tokaido Monster Bag Pro | Saco de Desporto Multifuncional | Preto \/ Vermelho | WKF"},"content":{"rendered":"<h3 class=\"\" data-start=\"968\" data-end=\"994\"><strong data-start=\"972\" data-end=\"992\">Caracter\u00edsticas:<\/strong><\/h3>\n<ul>\n<li data-start=\"995\" data-end=\"1699\">Maior capacidade do que o modelo standard para transportar todo o equipamento sem dificuldades.<\/li>\n<li data-start=\"995\" data-end=\"1699\">Fundo extens\u00edvel para ajustar o espa\u00e7o conforme a necessidade.<\/li>\n<li data-start=\"995\" data-end=\"1699\">Grande compartimento principal com fecho.<\/li>\n<li data-start=\"995\" data-end=\"1699\">Bolso superior com fecho para um acesso r\u00e1pido.<\/li>\n<li data-start=\"995\" data-end=\"1699\">Bolso interior com fecho para objetos pequenos.<\/li>\n<li data-start=\"995\" data-end=\"1699\">Dois compartimentos laterais com fecho para uma organiza\u00e7\u00e3o extra.<\/li>\n<li data-start=\"995\" data-end=\"1699\">Material respir\u00e1vel com inser\u00e7\u00f5es em rede para melhor ventila\u00e7\u00e3o.<\/li>\n<li data-start=\"995\" data-end=\"1699\">Sistema de mochila com costas almofadadas e al\u00e7a de ombro remov\u00edvel.<\/li>\n<li data-start=\"995\" data-end=\"1699\">Apoios de borracha antiderrapante para maior estabilidade e resist\u00eancia ao desgaste.<\/li>\n<li data-start=\"995\" data-end=\"1699\">Fabricado em poli\u00e9ster resistente e antiabrasivo.<\/li>\n<\/ul>\n<p class=\"\" data-start=\"1701\" data-end=\"1832\">Dimens\u00f5es:<\/p>\n<ul>\n<li data-start=\"1701\" data-end=\"1832\">Como mochila: aprox. 55 \u00d7 48 \u00d7 24 cm. <\/li>\n<li data-start=\"1701\" data-end=\"1832\">Como saco: aprox. 80 \u00d7 48 \u00d7 24 cm. <\/li>\n<li data-start=\"1701\" data-end=\"1832\">Peso: aproximadamente 2100 g.<\/li>\n<\/ul>\n","protected":false},"excerpt":{"rendered":"<p class=\"\" data-start=\"258\" data-end=\"700\">Desenvolvido para Karatecas que precisam de ainda mais espa\u00e7o, o Tokaido Monster Bag Pro \u00e9 a vers\u00e3o maior e melhorada do modelo Monster Bag. O seu design extra grande permite transportar confortavelmente todo o teu equipamento de Karat\u00e9: Karategui, prote\u00e7\u00f5es, luvas, caneleiras, protetor bucal e muito mais. Gra\u00e7as ao fundo extens\u00edvel, podes ajustar a capacidade conforme necessitas, tornando-o ideal tanto para treinos di\u00e1rios como para competi\u00e7\u00f5es.  <\/p>\n<p class=\"\" data-start=\"702\" data-end=\"966\">A sua estrutura robusta inclui apoios de borracha antiderrapantes, que garantem estabilidade e protegem a base do desgaste. Al\u00e9m disso, o seu transporte vers\u00e1til permite us\u00e1-lo como mochila, com costas almofadadas, ou como saco de ombro, com al\u00e7a remov\u00edvel. <\/p>\n","protected":false},"featured_media":82838,"template":"","meta":{"_joinchat":[]},"product_brand":[],"product_cat":[2493,3150,333,340],"product_tag":[2622],"class_list":{"0":"post-82879","1":"product","2":"type-product","3":"status-publish","4":"has-post-thumbnail","6":"product_cat-sacos-karate","7":"product_cat-tokaido-pt","8":"product_cat-acessorios-pt","9":"product_cat-marcas","10":"product_tag-club-10-pt","12":"first","13":"instock","14":"taxable","15":"shipping-taxable","16":"purchasable","17":"product-type-simple"},"_links":{"self":[{"href":"https:\/\/hajimekarate.com\/pt-pt\/wp-json\/wp\/v2\/product\/82879","targetHints":{"allow":["GET"]}}],"collection":[{"href":"https:\/\/hajimekarate.com\/pt-pt\/wp-json\/wp\/v2\/product"}],"about":[{"href":"https:\/\/hajimekarate.com\/pt-pt\/wp-json\/wp\/v2\/types\/product"}],"wp:featuredmedia":[{"embeddable":true,"href":"https:\/\/hajimekarate.com\/pt-pt\/wp-json\/wp\/v2\/media\/82838"}],"wp:attachment":[{"href":"https:\/\/hajimekarate.com\/pt-pt\/wp-json\/wp\/v2\/media?parent=82879"}],"wp:term":[{"taxonomy":"product_brand","embeddable":true,"href":"https:\/\/hajimekarate.com\/pt-pt\/wp-json\/wp\/v2\/product_brand?post=82879"},{"taxonomy":"product_cat","embeddable":true,"href":"https:\/\/hajimekarate.com\/pt-pt\/wp-json\/wp\/v2\/product_cat?post=82879"},{"taxonomy":"product_tag","embeddable":true,"href":"https:\/\/hajimekarate.com\/pt-pt\/wp-json\/wp\/v2\/product_tag?post=82879"}],"curies":[{"name":"wp","href":"https:\/\/api.w.org\/{rel}","templated":true}]}}