{"id":8256,"date":"2018-09-04T21:38:28","date_gmt":"2018-09-04T19:38:28","guid":{"rendered":"https:\/\/hajimekarate.com\/comprar\/cinto-shureido-negro-de-algodao\/"},"modified":"2026-04-07T16:21:02","modified_gmt":"2026-04-07T14:21:02","slug":"cinto-shureido-preto-normal-de-algodao-ou-seda-acetinada","status":"publish","type":"product","link":"https:\/\/hajimekarate.com\/pt-pt\/comprar\/cinto-shureido-preto-normal-de-algodao-ou-seda-acetinada\/","title":{"rendered":"Cinto Shureido Preto de Grossura Normal | Algod\u00e3o ou Seda Acetinada"},"content":{"rendered":"","protected":false},"excerpt":{"rendered":"<p>Cinto de Karat\u00e9 Shureido preto de algod\u00e3o ou seda acetinada com grossura normal.<br \/>\nA largura padr\u00e3o da espessura normal \u00e9 de 4,0 cm (aprox.). Se desejar <strong>personalizar o seu cinto<\/strong> , oferecemos duas op\u00e7\u00f5es:<\/p>\n<ol>\n<li><strong>Bordado no Jap\u00e3o<\/strong>: Personaliza\u00e7\u00e3o feita na f\u00e1brica (Okinawa). Acabamento excecional, artesanal e \u00fanico. O bordado n\u00e3o atravessa o cinto pois \u00e9 feito durante o processo de fabrico no tecido aberto antes de montar o cinto, tudo exclusivamente para si. Prazo de entrega: 3\/4 meses. *<em>Devido \u00e0 grande procura mundial de artigos personalizados e \u00e0 dificuldade em encontrar mais artes\u00e3os capazes de atingir o n\u00edvel exigido, h\u00e1 um atraso consider\u00e1vel na produ\u00e7\u00e3o. <a href=\"https:\/\/hajimekarate.com\/wp-content\/uploads\/2024\/11\/portuges-FIRMA.jpg\" target=\"_blank\" rel=\"noopener\">Veja aqui o comunicado de imprensa oficial da SHUREIDO.<\/a>.<\/em><\/li>\n<li><strong>Bordado na Europa:<\/strong> Personaliza\u00e7\u00e3o feita na Europa. Acabamento elegante e de elevada qualidade. O bordado atravessa o cinto uma vez que \u00e9 feito depois do fabrico deste. Tempo de espera: aproximadamente 1 m\u00eas.<\/li>\n<\/ol>\n","protected":false},"featured_media":8266,"template":"","meta":{"_joinchat":[]},"product_brand":[],"product_cat":[1893,331,2405,328,332,342],"product_tag":[3334,3146,2622],"class_list":{"0":"post-8256","1":"product","2":"type-product","3":"status-publish","4":"has-post-thumbnail","6":"product_cat-cintos-personalizados","7":"product_cat-cintos-pretos","8":"product_cat-competidores-landing-personalizacao","9":"product_cat-cintos-karate","10":"product_cat-cintos-shureido","11":"product_cat-shureido","12":"product_tag-blackfriday-club-15-pt","13":"product_tag-blackfriday-pt","14":"product_tag-club-10-pt","16":"first","17":"instock","18":"taxable","19":"shipping-taxable","20":"purchasable","21":"product-type-variable"},"_links":{"self":[{"href":"https:\/\/hajimekarate.com\/pt-pt\/wp-json\/wp\/v2\/product\/8256","targetHints":{"allow":["GET"]}}],"collection":[{"href":"https:\/\/hajimekarate.com\/pt-pt\/wp-json\/wp\/v2\/product"}],"about":[{"href":"https:\/\/hajimekarate.com\/pt-pt\/wp-json\/wp\/v2\/types\/product"}],"wp:featuredmedia":[{"embeddable":true,"href":"https:\/\/hajimekarate.com\/pt-pt\/wp-json\/wp\/v2\/media\/8266"}],"wp:attachment":[{"href":"https:\/\/hajimekarate.com\/pt-pt\/wp-json\/wp\/v2\/media?parent=8256"}],"wp:term":[{"taxonomy":"product_brand","embeddable":true,"href":"https:\/\/hajimekarate.com\/pt-pt\/wp-json\/wp\/v2\/product_brand?post=8256"},{"taxonomy":"product_cat","embeddable":true,"href":"https:\/\/hajimekarate.com\/pt-pt\/wp-json\/wp\/v2\/product_cat?post=8256"},{"taxonomy":"product_tag","embeddable":true,"href":"https:\/\/hajimekarate.com\/pt-pt\/wp-json\/wp\/v2\/product_tag?post=8256"}],"curies":[{"name":"wp","href":"https:\/\/api.w.org\/{rel}","templated":true}]}}