{"id":8249,"date":"2018-09-04T21:39:45","date_gmt":"2018-09-04T19:39:45","guid":{"rendered":"https:\/\/hajimekarate.com\/comprar\/cinto-shureido-vermelho-9o-y-10o-dan\/"},"modified":"2025-04-28T10:04:59","modified_gmt":"2025-04-28T08:04:59","slug":"cinto-shureido-vermelho-9o-y-10o-dan","status":"publish","type":"product","link":"https:\/\/hajimekarate.com\/pt-pt\/comprar\/cinto-shureido-vermelho-9o-y-10o-dan\/","title":{"rendered":"Cinto Shureido Vermelho 9\u00ba e 10\u00ba DAN"},"content":{"rendered":"","protected":false},"excerpt":{"rendered":"<p><strong style=\"color: #ff0000;\">Dispon\u00edvel por encomenda<\/strong><\/p>\n<p>Cinto de Karat\u00e9 vermelho, da Shureido, de grossura especial para 9\u00ba e 10\u00ba Dan, 100% algod\u00e3o.<\/p>\n<p>Se quiser <strong>personalizar o seu cinto de Karat\u00e9<\/strong>, oferecemos-lhe duas op\u00e7\u00f5es:<\/p>\n<ol>\n<li><strong>Bordado no Jap\u00e3o:<\/strong> Personaliza\u00e7\u00e3o feita na f\u00e1brica (Okinawa). Acabamento excepcional, artesanal e \u00fanico. O bordado n\u00e3o atravessa o cinto porque \u00e9 feito durante o processo de fabrico, exclusivamente para si. Tempo de espera: aproximadamente 4 meses.<\/li>\n<li><strong>Bordado na Europa:<\/strong> Personaliza\u00e7\u00e3o feita na Europa. Acabamento elegante e de elevada qualidade. O bordado atravessa o cinto uma vez que \u00e9 feito depois do fabrico deste. Tempo de espera: aproximadamente 1 m\u00eas. Para al\u00e9m do tempo de espera pelo cinto (3\/4 meses). Total de 4\/5 meses.<\/li>\n<\/ol>\n<p><strong> <\/strong><\/p>\n","protected":false},"featured_media":8255,"template":"","meta":{"_joinchat":[]},"product_brand":[],"product_cat":[1893,328,332,342],"product_tag":[2622],"class_list":{"0":"post-8249","1":"product","2":"type-product","3":"status-publish","4":"has-post-thumbnail","6":"product_cat-cintos-personalizados","7":"product_cat-cintos-karate","8":"product_cat-cintos-shureido","9":"product_cat-shureido","10":"product_tag-club-10-pt","12":"first","13":"onbackorder","14":"taxable","15":"shipping-taxable","16":"purchasable","17":"product-type-variable"},"_links":{"self":[{"href":"https:\/\/hajimekarate.com\/pt-pt\/wp-json\/wp\/v2\/product\/8249","targetHints":{"allow":["GET"]}}],"collection":[{"href":"https:\/\/hajimekarate.com\/pt-pt\/wp-json\/wp\/v2\/product"}],"about":[{"href":"https:\/\/hajimekarate.com\/pt-pt\/wp-json\/wp\/v2\/types\/product"}],"wp:featuredmedia":[{"embeddable":true,"href":"https:\/\/hajimekarate.com\/pt-pt\/wp-json\/wp\/v2\/media\/8255"}],"wp:attachment":[{"href":"https:\/\/hajimekarate.com\/pt-pt\/wp-json\/wp\/v2\/media?parent=8249"}],"wp:term":[{"taxonomy":"product_brand","embeddable":true,"href":"https:\/\/hajimekarate.com\/pt-pt\/wp-json\/wp\/v2\/product_brand?post=8249"},{"taxonomy":"product_cat","embeddable":true,"href":"https:\/\/hajimekarate.com\/pt-pt\/wp-json\/wp\/v2\/product_cat?post=8249"},{"taxonomy":"product_tag","embeddable":true,"href":"https:\/\/hajimekarate.com\/pt-pt\/wp-json\/wp\/v2\/product_tag?post=8249"}],"curies":[{"name":"wp","href":"https:\/\/api.w.org\/{rel}","templated":true}]}}