{"id":8228,"date":"2018-09-09T18:23:34","date_gmt":"2018-09-09T16:23:34","guid":{"rendered":"https:\/\/hajimekarate.com\/comprar\/antebracos-tagoya\/"},"modified":"2025-05-27T08:34:17","modified_gmt":"2025-05-27T06:34:17","slug":"protecoes-antebracos-tagoya-rfek","status":"publish","type":"product","link":"https:\/\/hajimekarate.com\/pt-pt\/comprar\/protecoes-antebracos-tagoya-rfek\/","title":{"rendered":"Prote\u00e7\u00f5es de Antebra\u00e7os Tagoya Homologadas RFEK"},"content":{"rendered":"<p><br data-mce-bogus=\"1\"><\/p>\n","protected":false},"excerpt":{"rendered":"<p>Prote\u00e7\u00f5es de Karat\u00e9 para os antebra\u00e7os, da Tagoya, homologadas pela Real Federa\u00e7\u00e3o Espanhola de Karat\u00e9 (RFEK).<\/p>\n","protected":false},"featured_media":8232,"template":"","meta":{"_joinchat":[]},"product_brand":[],"product_cat":[2399,1374,344,343],"product_tag":[2627],"class_list":{"0":"post-8228","1":"product","2":"type-product","3":"status-publish","4":"has-post-thumbnail","6":"product_cat-kumite-concurso","7":"product_cat-promocoes-pt-pt","8":"product_cat-homologadas-rfek","9":"product_cat-protecoes-pt","10":"product_tag-club-15-pt","12":"first","13":"instock","14":"sale","15":"taxable","16":"shipping-taxable","17":"purchasable","18":"product-type-variable"},"_links":{"self":[{"href":"https:\/\/hajimekarate.com\/pt-pt\/wp-json\/wp\/v2\/product\/8228","targetHints":{"allow":["GET"]}}],"collection":[{"href":"https:\/\/hajimekarate.com\/pt-pt\/wp-json\/wp\/v2\/product"}],"about":[{"href":"https:\/\/hajimekarate.com\/pt-pt\/wp-json\/wp\/v2\/types\/product"}],"wp:featuredmedia":[{"embeddable":true,"href":"https:\/\/hajimekarate.com\/pt-pt\/wp-json\/wp\/v2\/media\/8232"}],"wp:attachment":[{"href":"https:\/\/hajimekarate.com\/pt-pt\/wp-json\/wp\/v2\/media?parent=8228"}],"wp:term":[{"taxonomy":"product_brand","embeddable":true,"href":"https:\/\/hajimekarate.com\/pt-pt\/wp-json\/wp\/v2\/product_brand?post=8228"},{"taxonomy":"product_cat","embeddable":true,"href":"https:\/\/hajimekarate.com\/pt-pt\/wp-json\/wp\/v2\/product_cat?post=8228"},{"taxonomy":"product_tag","embeddable":true,"href":"https:\/\/hajimekarate.com\/pt-pt\/wp-json\/wp\/v2\/product_tag?post=8228"}],"curies":[{"name":"wp","href":"https:\/\/api.w.org\/{rel}","templated":true}]}}