{"id":8199,"date":"2018-09-09T18:23:40","date_gmt":"2018-09-09T16:23:40","guid":{"rendered":"https:\/\/hajimekarate.com\/comprar\/bucal-profesional-u\/"},"modified":"2024-09-27T18:47:18","modified_gmt":"2024-09-27T16:47:18","slug":"protecao-bucal-moldavel-com-pasta","status":"publish","type":"product","link":"https:\/\/hajimekarate.com\/pt-pt\/comprar\/protecao-bucal-moldavel-com-pasta\/","title":{"rendered":"Prote\u00e7\u00e3o Bucal Mold\u00e1vel Com Pasta"},"content":{"rendered":"<p>INSTRU\u00c7\u00d5ES PARA MOLDAR O BUCAL: Retirar todos os componentes de dentro da caixa. Cuidadosamente abre o recipiente redondo que cont\u00e9m o p\u00f3 branco. Adicionar o l\u00edquido transparente do frasco com a tampa preta e misturar bem os dois compostos com a esp\u00e1tula de madeira durante 10 a 20 segundos. Continuar a mexer at\u00e9 que os dois compostos estejam bem misturados e se forme uma pasta. Com a ajuda da esp\u00e1tula de madeira encher bem a prote\u00e7\u00e3o bucal azul transparente com a pasta que acabaste de fazer. Certifica-te que a prote\u00e7\u00e3o bucal azul est\u00e1 completamente preenchida, sem bolhas ou espa\u00e7os ocos. Deixa repousar durante cerca de 2 minutos. Estar\u00e1 pronta para ser moldada na boca quando tocares na pasta com a ponta de um dedo na pasta e as tuas impress\u00f5es digitais ficarem marcadas. Depois insere a prote\u00e7\u00e3o na tua boa bem centrada, f\u00e1-lo devagar e sem pressa, porque \u00e9 o passo mais importante para que a prote\u00e7\u00e3o fique bem moldada para ti. Quando estiver bem centrado pressiona a prote\u00e7\u00e3o com a l\u00edngua contra os dentes. Fecha a boca de uma forma que te seja confort\u00e1vel, mas n\u00e3o mordas a prote\u00e7\u00e3o com for\u00e7a. Deixa ficar a prote\u00e7\u00e3o bucal na boca durante aproximadamente 5 minutos para que a pasta se adapte e a prote\u00e7\u00e3o fique perfeitamente moldada \u00e0 tua boca. De seguida, lava a prote\u00e7\u00e3o com \u00e1gua fria e est\u00e1 pronta a ser usada. Se a parte azul estiver demasiado grande podes cortar os excessos cuidadosamente. Se vires que ao cortar os excessos h\u00e1 partes que ficaram demasiado afiadas, podes lim\u00e1-las com uma lima das unhas, suavizando-as. Pode lav\u00e1-la com \u00e1gua quente e uma escova de dentes.<\/p>\n","protected":false},"excerpt":{"rendered":"<p>Prote\u00e7\u00e3o bucal mold\u00e1vel com pasta sem necessidade de \u00e1gua quente. Indicada para todas as idades. Adequada para todos os desportos de contacto. Depois de moldada, permite que o Karateca consiga falar durante o uso. Ajuda a prevenir les\u00f5es na boca, dentes e maxilares.<\/p>\n","protected":false},"featured_media":8200,"template":"","meta":{"_joinchat":[]},"product_brand":[],"product_cat":[2399,2430,343],"product_tag":[2627],"class_list":{"0":"post-8199","1":"product","2":"type-product","3":"status-publish","4":"has-post-thumbnail","6":"product_cat-kumite-concurso","7":"product_cat-protecoes-para-a-boca","8":"product_cat-protecoes-pt","9":"product_tag-club-15-pt","11":"first","12":"instock","13":"taxable","14":"shipping-taxable","15":"purchasable","16":"product-type-simple"},"_links":{"self":[{"href":"https:\/\/hajimekarate.com\/pt-pt\/wp-json\/wp\/v2\/product\/8199","targetHints":{"allow":["GET"]}}],"collection":[{"href":"https:\/\/hajimekarate.com\/pt-pt\/wp-json\/wp\/v2\/product"}],"about":[{"href":"https:\/\/hajimekarate.com\/pt-pt\/wp-json\/wp\/v2\/types\/product"}],"wp:featuredmedia":[{"embeddable":true,"href":"https:\/\/hajimekarate.com\/pt-pt\/wp-json\/wp\/v2\/media\/8200"}],"wp:attachment":[{"href":"https:\/\/hajimekarate.com\/pt-pt\/wp-json\/wp\/v2\/media?parent=8199"}],"wp:term":[{"taxonomy":"product_brand","embeddable":true,"href":"https:\/\/hajimekarate.com\/pt-pt\/wp-json\/wp\/v2\/product_brand?post=8199"},{"taxonomy":"product_cat","embeddable":true,"href":"https:\/\/hajimekarate.com\/pt-pt\/wp-json\/wp\/v2\/product_cat?post=8199"},{"taxonomy":"product_tag","embeddable":true,"href":"https:\/\/hajimekarate.com\/pt-pt\/wp-json\/wp\/v2\/product_tag?post=8199"}],"curies":[{"name":"wp","href":"https:\/\/api.w.org\/{rel}","templated":true}]}}