{"id":8197,"date":"2018-09-09T18:23:41","date_gmt":"2018-09-09T16:23:41","guid":{"rendered":"https:\/\/hajimekarate.com\/comprar\/bucal-protex-smile-u\/"},"modified":"2024-09-27T18:52:03","modified_gmt":"2024-09-27T16:52:03","slug":"protecao-bucal-protex-smile-elevada-protecao","status":"publish","type":"product","link":"https:\/\/hajimekarate.com\/pt-pt\/comprar\/protecao-bucal-protex-smile-elevada-protecao\/","title":{"rendered":"Prote\u00e7\u00e3o Bucal Protex Smile Elevada Prote\u00e7\u00e3o"},"content":{"rendered":"","protected":false},"excerpt":{"rendered":"<p>Prote\u00e7\u00e3o bucal para Karat\u00e9 Protex Smile<\/p>\n","protected":false},"featured_media":8198,"template":"","meta":{"_joinchat":[]},"product_brand":[],"product_cat":[2399,2430,343],"product_tag":[2627],"class_list":{"0":"post-8197","1":"product","2":"type-product","3":"status-publish","4":"has-post-thumbnail","6":"product_cat-kumite-concurso","7":"product_cat-protecoes-para-a-boca","8":"product_cat-protecoes-pt","9":"product_tag-club-15-pt","11":"first","12":"onbackorder","13":"taxable","14":"shipping-taxable","15":"purchasable","16":"product-type-simple"},"_links":{"self":[{"href":"https:\/\/hajimekarate.com\/pt-pt\/wp-json\/wp\/v2\/product\/8197","targetHints":{"allow":["GET"]}}],"collection":[{"href":"https:\/\/hajimekarate.com\/pt-pt\/wp-json\/wp\/v2\/product"}],"about":[{"href":"https:\/\/hajimekarate.com\/pt-pt\/wp-json\/wp\/v2\/types\/product"}],"wp:featuredmedia":[{"embeddable":true,"href":"https:\/\/hajimekarate.com\/pt-pt\/wp-json\/wp\/v2\/media\/8198"}],"wp:attachment":[{"href":"https:\/\/hajimekarate.com\/pt-pt\/wp-json\/wp\/v2\/media?parent=8197"}],"wp:term":[{"taxonomy":"product_brand","embeddable":true,"href":"https:\/\/hajimekarate.com\/pt-pt\/wp-json\/wp\/v2\/product_brand?post=8197"},{"taxonomy":"product_cat","embeddable":true,"href":"https:\/\/hajimekarate.com\/pt-pt\/wp-json\/wp\/v2\/product_cat?post=8197"},{"taxonomy":"product_tag","embeddable":true,"href":"https:\/\/hajimekarate.com\/pt-pt\/wp-json\/wp\/v2\/product_tag?post=8197"}],"curies":[{"name":"wp","href":"https:\/\/api.w.org\/{rel}","templated":true}]}}