{"id":8184,"date":"2018-09-09T18:24:07","date_gmt":"2018-09-09T16:24:07","guid":{"rendered":"https:\/\/hajimekarate.com\/comprar\/caneleiras-vermelhas-o-azuis-homologadas-pela-rfek\/"},"modified":"2025-10-22T18:51:07","modified_gmt":"2025-10-22T16:51:07","slug":"caneleiras-homologadas-pela-rfek","status":"publish","type":"product","link":"https:\/\/hajimekarate.com\/pt-pt\/comprar\/caneleiras-homologadas-pela-rfek\/","title":{"rendered":"Caneleiras Vermelhas ou Azuis Tagoya Homologadas RFEK"},"content":{"rendered":"","protected":false},"excerpt":{"rendered":"<p>Caneleiras Tagoya homologadas pela Federa\u00e7\u00e3o Espanhola de Karat\u00e9 (RFEK).<\/p>\n<p>Se n\u00e3o encontrar o seu tamanho, recomendamos: <a href=\"https:\/\/hajimekarate.com\/pt-pt\/comprar\/caneleiras-vermelhas-o-azuis-kaiten-rfek\/\">Caneleiras vermelhas e azuis Kaiten (RFEK).<\/a><\/p>\n<p>&nbsp;<\/p>\n","protected":false},"featured_media":8186,"template":"","meta":{"_joinchat":[]},"product_brand":[],"product_cat":[2399,1374,344,343],"product_tag":[2627],"class_list":{"0":"post-8184","1":"product","2":"type-product","3":"status-publish","4":"has-post-thumbnail","6":"product_cat-kumite-concurso","7":"product_cat-promocoes-pt-pt","8":"product_cat-homologadas-rfek","9":"product_cat-protecoes-pt","10":"product_tag-club-15-pt","12":"first","13":"outofstock","14":"sale","15":"taxable","16":"shipping-taxable","17":"purchasable","18":"product-type-variable"},"_links":{"self":[{"href":"https:\/\/hajimekarate.com\/pt-pt\/wp-json\/wp\/v2\/product\/8184","targetHints":{"allow":["GET"]}}],"collection":[{"href":"https:\/\/hajimekarate.com\/pt-pt\/wp-json\/wp\/v2\/product"}],"about":[{"href":"https:\/\/hajimekarate.com\/pt-pt\/wp-json\/wp\/v2\/types\/product"}],"wp:featuredmedia":[{"embeddable":true,"href":"https:\/\/hajimekarate.com\/pt-pt\/wp-json\/wp\/v2\/media\/8186"}],"wp:attachment":[{"href":"https:\/\/hajimekarate.com\/pt-pt\/wp-json\/wp\/v2\/media?parent=8184"}],"wp:term":[{"taxonomy":"product_brand","embeddable":true,"href":"https:\/\/hajimekarate.com\/pt-pt\/wp-json\/wp\/v2\/product_brand?post=8184"},{"taxonomy":"product_cat","embeddable":true,"href":"https:\/\/hajimekarate.com\/pt-pt\/wp-json\/wp\/v2\/product_cat?post=8184"},{"taxonomy":"product_tag","embeddable":true,"href":"https:\/\/hajimekarate.com\/pt-pt\/wp-json\/wp\/v2\/product_tag?post=8184"}],"curies":[{"name":"wp","href":"https:\/\/api.w.org\/{rel}","templated":true}]}}