{"id":8173,"date":"2018-09-09T18:24:08","date_gmt":"2018-09-09T16:24:08","guid":{"rendered":"https:\/\/hajimekarate.com\/comprar\/caneleiras-shureido-vermelhas-o-azuis-homologadas-pela-wkf\/"},"modified":"2025-08-11T10:34:02","modified_gmt":"2025-08-11T08:34:02","slug":"caneleiras-shureido-vermelhas-azuis","status":"publish","type":"product","link":"https:\/\/hajimekarate.com\/pt-pt\/comprar\/caneleiras-shureido-vermelhas-azuis\/","title":{"rendered":"Caneleiras Shureido Vermelhas ou Azuis"},"content":{"rendered":"","protected":false},"excerpt":{"rendered":"<p>Caneleiras Shureido Vermelhas ou Azuis<\/p>\n<p><em>*As prote\u00e7\u00f5es do SHUREIDO j\u00e1n\u00e3o s\u00e3o aprovadas pela WKF. Mas ser\u00e3o v\u00e1lidos para eventos oficiais da RFEK durante o ano de 2025. <\/em><\/p>\n<p>&nbsp;<\/p>\n","protected":false},"featured_media":8180,"template":"","meta":{"_joinchat":[]},"product_brand":[],"product_cat":[1892,2399,1374,344,343],"product_tag":[2967],"class_list":{"0":"post-8173","1":"product","2":"type-product","3":"status-publish","4":"has-post-thumbnail","6":"product_cat-competidores-de-pouso-de-equipamentos-de-alta-competicao","7":"product_cat-kumite-concurso","8":"product_cat-promocoes-pt-pt","9":"product_cat-homologadas-rfek","10":"product_cat-protecoes-pt","11":"product_tag-club-42-pt","13":"first","14":"instock","15":"sale","16":"taxable","17":"shipping-taxable","18":"purchasable","19":"product-type-variable"},"_links":{"self":[{"href":"https:\/\/hajimekarate.com\/pt-pt\/wp-json\/wp\/v2\/product\/8173","targetHints":{"allow":["GET"]}}],"collection":[{"href":"https:\/\/hajimekarate.com\/pt-pt\/wp-json\/wp\/v2\/product"}],"about":[{"href":"https:\/\/hajimekarate.com\/pt-pt\/wp-json\/wp\/v2\/types\/product"}],"wp:featuredmedia":[{"embeddable":true,"href":"https:\/\/hajimekarate.com\/pt-pt\/wp-json\/wp\/v2\/media\/8180"}],"wp:attachment":[{"href":"https:\/\/hajimekarate.com\/pt-pt\/wp-json\/wp\/v2\/media?parent=8173"}],"wp:term":[{"taxonomy":"product_brand","embeddable":true,"href":"https:\/\/hajimekarate.com\/pt-pt\/wp-json\/wp\/v2\/product_brand?post=8173"},{"taxonomy":"product_cat","embeddable":true,"href":"https:\/\/hajimekarate.com\/pt-pt\/wp-json\/wp\/v2\/product_cat?post=8173"},{"taxonomy":"product_tag","embeddable":true,"href":"https:\/\/hajimekarate.com\/pt-pt\/wp-json\/wp\/v2\/product_tag?post=8173"}],"curies":[{"name":"wp","href":"https:\/\/api.w.org\/{rel}","templated":true}]}}