{"id":8161,"date":"2018-09-09T18:24:10","date_gmt":"2018-09-09T16:24:10","guid":{"rendered":"https:\/\/hajimekarate.com\/comprar\/coquilha-competicao-kaiten\/"},"modified":"2025-03-24T09:39:27","modified_gmt":"2025-03-24T08:39:27","slug":"coquilha-kaiten-competicao-treino","status":"publish","type":"product","link":"https:\/\/hajimekarate.com\/pt-pt\/comprar\/coquilha-kaiten-competicao-treino\/","title":{"rendered":"Coquilha de Prote\u00e7\u00e3o Kaiten para Competi\u00e7\u00e3o e Treino"},"content":{"rendered":"<p>Gra\u00e7as \u00e0 larga cintura el\u00e1stica, o protetor mant\u00e9m-se firmemente e no lugar, sem constrangimentos desagrad\u00e1veis. Recomendamos o tamanho S para crian\u00e7as, uma vez que se adapta muito bem e \u00e9 muito confort\u00e1vel.<\/p>\n","protected":false},"excerpt":{"rendered":"<p>Prote\u00e7\u00e3o genital masculina Kaiten Adequada para competi\u00e7\u00e3o e treino de Karat\u00e9. O tamanho S \u00e9 o recomendado para crian\u00e7as.<\/p>\n<p><em>Por raz\u00f5es higi\u00e9nicas, este artigo n\u00e3o pode ser trocado ou devolvido.<\/em><\/p>\n","protected":false},"featured_media":65015,"template":"","meta":{"_joinchat":[]},"product_brand":[],"product_cat":[1374,343],"product_tag":[2630],"class_list":{"0":"post-8161","1":"product","2":"type-product","3":"status-publish","4":"has-post-thumbnail","6":"product_cat-promocoes-pt-pt","7":"product_cat-protecoes-pt","8":"product_tag-club-25-pt-pt-2","10":"first","11":"onbackorder","12":"sale","13":"taxable","14":"shipping-taxable","15":"purchasable","16":"product-type-variable"},"_links":{"self":[{"href":"https:\/\/hajimekarate.com\/pt-pt\/wp-json\/wp\/v2\/product\/8161","targetHints":{"allow":["GET"]}}],"collection":[{"href":"https:\/\/hajimekarate.com\/pt-pt\/wp-json\/wp\/v2\/product"}],"about":[{"href":"https:\/\/hajimekarate.com\/pt-pt\/wp-json\/wp\/v2\/types\/product"}],"wp:featuredmedia":[{"embeddable":true,"href":"https:\/\/hajimekarate.com\/pt-pt\/wp-json\/wp\/v2\/media\/65015"}],"wp:attachment":[{"href":"https:\/\/hajimekarate.com\/pt-pt\/wp-json\/wp\/v2\/media?parent=8161"}],"wp:term":[{"taxonomy":"product_brand","embeddable":true,"href":"https:\/\/hajimekarate.com\/pt-pt\/wp-json\/wp\/v2\/product_brand?post=8161"},{"taxonomy":"product_cat","embeddable":true,"href":"https:\/\/hajimekarate.com\/pt-pt\/wp-json\/wp\/v2\/product_cat?post=8161"},{"taxonomy":"product_tag","embeddable":true,"href":"https:\/\/hajimekarate.com\/pt-pt\/wp-json\/wp\/v2\/product_tag?post=8161"}],"curies":[{"name":"wp","href":"https:\/\/api.w.org\/{rel}","templated":true}]}}