{"id":8147,"date":"2018-09-09T18:24:40","date_gmt":"2018-09-09T16:24:40","guid":{"rendered":"https:\/\/hajimekarate.com\/comprar\/luvas-vermelhas-o-azuis-homologadas-pela-rfek\/"},"modified":"2025-10-22T18:45:25","modified_gmt":"2025-10-22T16:45:25","slug":"luvas-tagoya-rfek","status":"publish","type":"product","link":"https:\/\/hajimekarate.com\/pt-pt\/comprar\/luvas-tagoya-rfek\/","title":{"rendered":"Luvas Vermelhas ou Azuis Tagoya Homologadas RFEK"},"content":{"rendered":"","protected":false},"excerpt":{"rendered":"<p>Luvas com dedos e sem dedos homologadas pela Federa\u00e7\u00e3o Espanhola de Karat\u00e9 (RFEK). Se n\u00e3o encontrar o seu tamanho, recomendamos as <a href=\"https:\/\/hajimekarate.com\/pt-pt\/comprar\/luvas-vermelhas-o-azuis-kaiten-rfek\/\">Luvas vermelhas e azuis Kaiten RFEK<\/a>.<\/p>\n","protected":false},"featured_media":8149,"template":"","meta":{"_joinchat":[]},"product_brand":[],"product_cat":[2399,344,343],"product_tag":[2627],"class_list":{"0":"post-8147","1":"product","2":"type-product","3":"status-publish","4":"has-post-thumbnail","6":"product_cat-kumite-concurso","7":"product_cat-homologadas-rfek","8":"product_cat-protecoes-pt","9":"product_tag-club-15-pt","11":"first","12":"instock","13":"taxable","14":"shipping-taxable","15":"purchasable","16":"product-type-variable","17":"has-default-attributes"},"_links":{"self":[{"href":"https:\/\/hajimekarate.com\/pt-pt\/wp-json\/wp\/v2\/product\/8147","targetHints":{"allow":["GET"]}}],"collection":[{"href":"https:\/\/hajimekarate.com\/pt-pt\/wp-json\/wp\/v2\/product"}],"about":[{"href":"https:\/\/hajimekarate.com\/pt-pt\/wp-json\/wp\/v2\/types\/product"}],"wp:featuredmedia":[{"embeddable":true,"href":"https:\/\/hajimekarate.com\/pt-pt\/wp-json\/wp\/v2\/media\/8149"}],"wp:attachment":[{"href":"https:\/\/hajimekarate.com\/pt-pt\/wp-json\/wp\/v2\/media?parent=8147"}],"wp:term":[{"taxonomy":"product_brand","embeddable":true,"href":"https:\/\/hajimekarate.com\/pt-pt\/wp-json\/wp\/v2\/product_brand?post=8147"},{"taxonomy":"product_cat","embeddable":true,"href":"https:\/\/hajimekarate.com\/pt-pt\/wp-json\/wp\/v2\/product_cat?post=8147"},{"taxonomy":"product_tag","embeddable":true,"href":"https:\/\/hajimekarate.com\/pt-pt\/wp-json\/wp\/v2\/product_tag?post=8147"}],"curies":[{"name":"wp","href":"https:\/\/api.w.org\/{rel}","templated":true}]}}