{"id":8115,"date":"2018-09-09T18:25:14","date_gmt":"2018-09-09T16:25:14","guid":{"rendered":"https:\/\/hajimekarate.com\/comprar\/protecao-de-peito-feminino-homologado-pela-wkf\/"},"modified":"2025-08-11T11:14:13","modified_gmt":"2025-08-11T09:14:13","slug":"protecao-de-peito-e-top-femininos-shureido-homologados-wkf","status":"publish","type":"product","link":"https:\/\/hajimekarate.com\/pt-pt\/comprar\/protecao-de-peito-e-top-femininos-shureido-homologados-wkf\/","title":{"rendered":"Prote\u00e7\u00e3o de Peito e Top Femininos Shureido"},"content":{"rendered":"","protected":false},"excerpt":{"rendered":"<p>Prote\u00e7\u00e3o de Peito e Top Femininos Shureido<\/p>\n<p><em>*As prote\u00e7\u00f5es do SHUREIDO j\u00e1n\u00e3o s\u00e3o aprovadas pela WKF. Mas ser\u00e3o v\u00e1lidos para eventos oficiais da RFEK durante o ano de 2025. <\/em><\/p>\n<p>&nbsp;<\/p>\n","protected":false},"featured_media":8121,"template":"","meta":{"_joinchat":[]},"product_brand":[],"product_cat":[2399,1374,344,343],"product_tag":[2622],"class_list":{"0":"post-8115","1":"product","2":"type-product","3":"status-publish","4":"has-post-thumbnail","6":"product_cat-kumite-concurso","7":"product_cat-promocoes-pt-pt","8":"product_cat-homologadas-rfek","9":"product_cat-protecoes-pt","10":"product_tag-club-10-pt","12":"first","13":"instock","14":"sale","15":"taxable","16":"shipping-taxable","17":"purchasable","18":"product-type-variable"},"_links":{"self":[{"href":"https:\/\/hajimekarate.com\/pt-pt\/wp-json\/wp\/v2\/product\/8115","targetHints":{"allow":["GET"]}}],"collection":[{"href":"https:\/\/hajimekarate.com\/pt-pt\/wp-json\/wp\/v2\/product"}],"about":[{"href":"https:\/\/hajimekarate.com\/pt-pt\/wp-json\/wp\/v2\/types\/product"}],"wp:featuredmedia":[{"embeddable":true,"href":"https:\/\/hajimekarate.com\/pt-pt\/wp-json\/wp\/v2\/media\/8121"}],"wp:attachment":[{"href":"https:\/\/hajimekarate.com\/pt-pt\/wp-json\/wp\/v2\/media?parent=8115"}],"wp:term":[{"taxonomy":"product_brand","embeddable":true,"href":"https:\/\/hajimekarate.com\/pt-pt\/wp-json\/wp\/v2\/product_brand?post=8115"},{"taxonomy":"product_cat","embeddable":true,"href":"https:\/\/hajimekarate.com\/pt-pt\/wp-json\/wp\/v2\/product_cat?post=8115"},{"taxonomy":"product_tag","embeddable":true,"href":"https:\/\/hajimekarate.com\/pt-pt\/wp-json\/wp\/v2\/product_tag?post=8115"}],"curies":[{"name":"wp","href":"https:\/\/api.w.org\/{rel}","templated":true}]}}