{"id":8108,"date":"2018-09-09T18:25:15","date_gmt":"2018-09-09T16:25:15","guid":{"rendered":"https:\/\/hajimekarate.com\/comprar\/peito-infantil-homologado-pela-rfek\/"},"modified":"2023-11-02T16:22:41","modified_gmt":"2023-11-02T15:22:41","slug":"protecao-peito-infantil-tagoya-rfek","status":"publish","type":"product","link":"https:\/\/hajimekarate.com\/pt-pt\/comprar\/protecao-peito-infantil-tagoya-rfek\/","title":{"rendered":"Prote\u00e7\u00e3o de Peito Infantil Tagoya Homologada RFEK"},"content":{"rendered":"","protected":false},"excerpt":{"rendered":"<p>Prote\u00e7\u00e3o de peito infantil da marca Tagoya homologada pela Real Federa\u00e7\u00e3o Espanhola de Karat\u00e9 (RFEK)<\/p>\n","protected":false},"featured_media":8114,"template":"","meta":{"_joinchat":[]},"product_brand":[],"product_cat":[2399,344,343],"product_tag":[2627],"class_list":{"0":"post-8108","1":"product","2":"type-product","3":"status-publish","4":"has-post-thumbnail","6":"product_cat-kumite-concurso","7":"product_cat-homologadas-rfek","8":"product_cat-protecoes-pt","9":"product_tag-club-15-pt","11":"first","12":"outofstock","13":"sale","14":"taxable","15":"shipping-taxable","16":"purchasable","17":"product-type-variable"},"_links":{"self":[{"href":"https:\/\/hajimekarate.com\/pt-pt\/wp-json\/wp\/v2\/product\/8108","targetHints":{"allow":["GET"]}}],"collection":[{"href":"https:\/\/hajimekarate.com\/pt-pt\/wp-json\/wp\/v2\/product"}],"about":[{"href":"https:\/\/hajimekarate.com\/pt-pt\/wp-json\/wp\/v2\/types\/product"}],"wp:featuredmedia":[{"embeddable":true,"href":"https:\/\/hajimekarate.com\/pt-pt\/wp-json\/wp\/v2\/media\/8114"}],"wp:attachment":[{"href":"https:\/\/hajimekarate.com\/pt-pt\/wp-json\/wp\/v2\/media?parent=8108"}],"wp:term":[{"taxonomy":"product_brand","embeddable":true,"href":"https:\/\/hajimekarate.com\/pt-pt\/wp-json\/wp\/v2\/product_brand?post=8108"},{"taxonomy":"product_cat","embeddable":true,"href":"https:\/\/hajimekarate.com\/pt-pt\/wp-json\/wp\/v2\/product_cat?post=8108"},{"taxonomy":"product_tag","embeddable":true,"href":"https:\/\/hajimekarate.com\/pt-pt\/wp-json\/wp\/v2\/product_tag?post=8108"}],"curies":[{"name":"wp","href":"https:\/\/api.w.org\/{rel}","templated":true}]}}