{"id":8096,"date":"2018-09-09T18:25:43","date_gmt":"2018-09-09T16:25:43","guid":{"rendered":"https:\/\/hajimekarate.com\/comprar\/protetor-de-peito-feminino-tagoya-e-t-shirt-homologado-pela-rfek\/"},"modified":"2025-03-21T14:41:14","modified_gmt":"2025-03-21T13:41:14","slug":"protecao-e-top-peito-femenino-tagoya-homologados-rfek","status":"publish","type":"product","link":"https:\/\/hajimekarate.com\/pt-pt\/comprar\/protecao-e-top-peito-femenino-tagoya-homologados-rfek\/","title":{"rendered":"Prote\u00e7\u00e3o de Peito e Top Femininos Tagoya Homologados RFEK"},"content":{"rendered":"","protected":false},"excerpt":{"rendered":"<p>Prote\u00e7\u00e3o de peito e top femininos Tagoya homologados pela Real Federa\u00e7\u00e3o Espanhola de Karat\u00e9 (RFEK).<br \/>\nSe o teu tamanho n\u00e3o estiver dispon\u00edvel, podes ver a <a href=\"https:\/\/hajimekarate.com\/pt-pt\/comprar\/protecao-peito-top-feminino-kaiten-rfek\/\">Prote\u00e7\u00e3o de Peito e Top Femininos Kaiten Homologados RFEK, <\/a>, ou o <a href=\"https:\/\/hajimekarate.com\/pt-pt\/comprar\/top-para-protecao-peito-feminino-kaiten-homologado-rfek\/\">Top para Prote\u00e7\u00e3o de Peito Feminino Kaiten Homologado RFEK <\/a> <a href=\"https:\/\/hajimekarate.com\/pt-pt\/comprar\/protetor-de-peito-feminino-kaiten\/\">Prote\u00e7\u00e3o Pl\u00e1stica de Peito Feminino Kaiten Homologada RFEK <\/a> separadamente.<\/p>\n","protected":false},"featured_media":8100,"template":"","meta":{"_joinchat":[]},"product_brand":[],"product_cat":[2399,344,343],"product_tag":[2627],"class_list":{"0":"post-8096","1":"product","2":"type-product","3":"status-publish","4":"has-post-thumbnail","6":"product_cat-kumite-concurso","7":"product_cat-homologadas-rfek","8":"product_cat-protecoes-pt","9":"product_tag-club-15-pt","11":"first","12":"instock","13":"taxable","14":"shipping-taxable","15":"purchasable","16":"product-type-variable"},"_links":{"self":[{"href":"https:\/\/hajimekarate.com\/pt-pt\/wp-json\/wp\/v2\/product\/8096","targetHints":{"allow":["GET"]}}],"collection":[{"href":"https:\/\/hajimekarate.com\/pt-pt\/wp-json\/wp\/v2\/product"}],"about":[{"href":"https:\/\/hajimekarate.com\/pt-pt\/wp-json\/wp\/v2\/types\/product"}],"wp:featuredmedia":[{"embeddable":true,"href":"https:\/\/hajimekarate.com\/pt-pt\/wp-json\/wp\/v2\/media\/8100"}],"wp:attachment":[{"href":"https:\/\/hajimekarate.com\/pt-pt\/wp-json\/wp\/v2\/media?parent=8096"}],"wp:term":[{"taxonomy":"product_brand","embeddable":true,"href":"https:\/\/hajimekarate.com\/pt-pt\/wp-json\/wp\/v2\/product_brand?post=8096"},{"taxonomy":"product_cat","embeddable":true,"href":"https:\/\/hajimekarate.com\/pt-pt\/wp-json\/wp\/v2\/product_cat?post=8096"},{"taxonomy":"product_tag","embeddable":true,"href":"https:\/\/hajimekarate.com\/pt-pt\/wp-json\/wp\/v2\/product_tag?post=8096"}],"curies":[{"name":"wp","href":"https:\/\/api.w.org\/{rel}","templated":true}]}}