{"id":80829,"date":"2025-01-24T10:23:51","date_gmt":"2025-01-24T09:23:51","guid":{"rendered":"https:\/\/hajimekarate.com\/?post_type=product&#038;p=80829"},"modified":"2026-02-25T10:55:55","modified_gmt":"2026-02-25T09:55:55","slug":"capacete-infantil-karate-tokaido-wkf","status":"publish","type":"product","link":"https:\/\/hajimekarate.com\/pt-pt\/comprar\/capacete-infantil-karate-tokaido-wkf\/","title":{"rendered":"Capacete Karat\u00e9 J\u00fanior | TOKAIDO | WKF"},"content":{"rendered":"<p>CARACTER\u00cdSTICAS:<br \/>\n&#8211; Cor: Branco<br \/>\n&#8211; Adequado para: Kumite<br \/>\n&#8211; Tecido: Poliuretano<br \/>\n&#8211; Recomendado para: Principiantes, Avan\u00e7ados<br \/>\n&#8211; Desporto: Karat\u00e9<br \/>\n&#8211; Homologado pela WKF 2025 &#8211; 2029<br \/>\n&#8211; Para ligas juvenis<br \/>\n&#8211; Espuma de alta densidade e plexiglass<br \/>\n&#8211; Aperto de velcro na parte posterior da cabe\u00e7a<br \/>\n&#8211; CE<\/p>\n","protected":false},"excerpt":{"rendered":"<p>Capacete infantil TOKAIDO ideal para os Karatecas que participam nas competi\u00e7\u00f5es da Youth League. Seguran\u00e7a garantida. Fabricado com um acolchoamento de alta qualidade e uma prote\u00e7\u00e3o facial integrada para evitar les\u00f5es durante o treino ou competi\u00e7\u00e3o. Homologado pela Federa\u00e7\u00e3o Mundial de Karat\u00e9 (WKF). Cumpre com todas as normas de seguran\u00e7a exigidas.    <span style=\"color: red;\"><br \/>\n<\/span><\/p>\n","protected":false},"featured_media":80808,"template":"","meta":{"_joinchat":[]},"product_brand":[],"product_cat":[3134,2490,345,3150,340,343],"product_tag":[2622],"class_list":{"0":"post-80829","1":"product","2":"type-product","3":"status-publish","4":"has-post-thumbnail","6":"product_cat-karate-competicao","7":"product_cat-protecciones-obligatorias-kumite-pt-pt","8":"product_cat-homologadas-wkf","9":"product_cat-tokaido-pt","10":"product_cat-marcas","11":"product_cat-protecoes-pt","12":"product_tag-club-10-pt","14":"first","15":"onbackorder","16":"taxable","17":"shipping-taxable","18":"purchasable","19":"product-type-variable"},"_links":{"self":[{"href":"https:\/\/hajimekarate.com\/pt-pt\/wp-json\/wp\/v2\/product\/80829","targetHints":{"allow":["GET"]}}],"collection":[{"href":"https:\/\/hajimekarate.com\/pt-pt\/wp-json\/wp\/v2\/product"}],"about":[{"href":"https:\/\/hajimekarate.com\/pt-pt\/wp-json\/wp\/v2\/types\/product"}],"wp:featuredmedia":[{"embeddable":true,"href":"https:\/\/hajimekarate.com\/pt-pt\/wp-json\/wp\/v2\/media\/80808"}],"wp:attachment":[{"href":"https:\/\/hajimekarate.com\/pt-pt\/wp-json\/wp\/v2\/media?parent=80829"}],"wp:term":[{"taxonomy":"product_brand","embeddable":true,"href":"https:\/\/hajimekarate.com\/pt-pt\/wp-json\/wp\/v2\/product_brand?post=80829"},{"taxonomy":"product_cat","embeddable":true,"href":"https:\/\/hajimekarate.com\/pt-pt\/wp-json\/wp\/v2\/product_cat?post=80829"},{"taxonomy":"product_tag","embeddable":true,"href":"https:\/\/hajimekarate.com\/pt-pt\/wp-json\/wp\/v2\/product_tag?post=80829"}],"curies":[{"name":"wp","href":"https:\/\/api.w.org\/{rel}","templated":true}]}}