{"id":8077,"date":"2018-09-10T21:05:59","date_gmt":"2018-09-10T19:05:59","guid":{"rendered":"https:\/\/hajimekarate.com\/comprar\/fato-kaiten-america-revolution\/"},"modified":"2025-04-07T13:36:59","modified_gmt":"2025-04-07T11:36:59","slug":"karategui-kaiten-america-revolution","status":"publish","type":"product","link":"https:\/\/hajimekarate.com\/pt-pt\/comprar\/karategui-kaiten-america-revolution\/","title":{"rendered":"Karategui Kaiten America Revolution"},"content":{"rendered":"","protected":false},"excerpt":{"rendered":"<p>&nbsp;<\/p>\n<p style=\"color: #00d845;\"><strong>EM STOCK<\/strong><\/p>\n<p>Karategui Kaiten America de 14 on\u00e7as, 100% algod\u00e3o. O SNAP e a dureza do tecido tornam-no resistente e ideal para exames de Dan, treinos, Ju-jitsu&#8230; As cal\u00e7as e as mangas s\u00e3o pr\u00e9-cortadas.<\/p>\n","protected":false},"featured_media":92432,"template":"","meta":{"_joinchat":[]},"product_brand":[],"product_cat":[2911,2932,2930,2931,2933,1896,3130,3113,335,2477,334],"product_tag":[2627],"class_list":{"0":"post-8077","1":"product","2":"type-product","3":"status-publish","4":"has-post-thumbnail","6":"product_cat-equipamento-de-karate-personalizado","7":"product_cat-kaiten-calcas-a-medida","8":"product_cat-kaiten-casaco-a-medida","9":"product_cat-kaiten-chaqueta-bordado-pt-pt","10":"product_cat-kaiten-pantalon-bordado-pt-pt","11":"product_cat-fatos-kaiten-personalizados","12":"product_cat-kaiten-tradicional-pt-pt","13":"product_cat-karate-tradicional-pt","14":"product_cat-karateguis-kaiten","15":"product_cat-kata-treino","16":"product_cat-karateguis","17":"product_tag-club-15-pt","19":"first","20":"instock","21":"taxable","22":"shipping-taxable","23":"purchasable","24":"product-type-variable"},"_links":{"self":[{"href":"https:\/\/hajimekarate.com\/pt-pt\/wp-json\/wp\/v2\/product\/8077","targetHints":{"allow":["GET"]}}],"collection":[{"href":"https:\/\/hajimekarate.com\/pt-pt\/wp-json\/wp\/v2\/product"}],"about":[{"href":"https:\/\/hajimekarate.com\/pt-pt\/wp-json\/wp\/v2\/types\/product"}],"wp:featuredmedia":[{"embeddable":true,"href":"https:\/\/hajimekarate.com\/pt-pt\/wp-json\/wp\/v2\/media\/92432"}],"wp:attachment":[{"href":"https:\/\/hajimekarate.com\/pt-pt\/wp-json\/wp\/v2\/media?parent=8077"}],"wp:term":[{"taxonomy":"product_brand","embeddable":true,"href":"https:\/\/hajimekarate.com\/pt-pt\/wp-json\/wp\/v2\/product_brand?post=8077"},{"taxonomy":"product_cat","embeddable":true,"href":"https:\/\/hajimekarate.com\/pt-pt\/wp-json\/wp\/v2\/product_cat?post=8077"},{"taxonomy":"product_tag","embeddable":true,"href":"https:\/\/hajimekarate.com\/pt-pt\/wp-json\/wp\/v2\/product_tag?post=8077"}],"curies":[{"name":"wp","href":"https:\/\/api.w.org\/{rel}","templated":true}]}}