{"id":80746,"date":"2025-01-23T17:38:59","date_gmt":"2025-01-23T16:38:59","guid":{"rendered":"https:\/\/hajimekarate.com\/?post_type=product&#038;p=80746"},"modified":"2026-01-27T18:10:59","modified_gmt":"2026-01-27T17:10:59","slug":"luvas-karate-tokaido-wkf","status":"publish","type":"product","link":"https:\/\/hajimekarate.com\/pt-pt\/comprar\/luvas-karate-tokaido-wkf\/","title":{"rendered":"Luvas Karat\u00e9 | Tokaido Kanji | WKF"},"content":{"rendered":"<p>CARACTER\u00cdSTICAS:<br \/>\n&#8211; Cor: Vermelho e Azul<br \/>\n&#8211; Adequadas para: Kumite<br \/>\n&#8211; N\u00edvel: Avan\u00e7ados, Profissionais<br \/>\n&#8211; Interior: Poliuretano<br \/>\n&#8211; Exterior: Pele sint\u00e9tica de tato suave<br \/>\n&#8211; Recomendado para: Avan\u00e7ados, Profissionais<br \/>\n&#8211; Desporto: Karat\u00e9<br \/>\n&#8211; Luvas de Karat\u00e9 homologadas pela WKF<br \/>\n&#8211; Desenvolvidas para Kumite<br \/>\n&#8211; Aptas para competi\u00e7\u00f5es<br \/>\n&#8211; Dispon\u00edveis em azul e vermelho<\/p>\n","protected":false},"excerpt":{"rendered":"<p>Luvas de Karat\u00e9 TOKAIDO. S\u00e3o muito leves, mas o seu n\u00facleo de espuma proporciona um grande amortecimento e uma \u00f3tima absor\u00e7\u00e3o dos impactos. Suaves ao tato gra\u00e7as ao revestimento exterior em pele sint\u00e9tica resistente \u00e0 \u00e1gua e ao suor. Artigo dispon\u00edvel em vermelho e azul.   <\/p>\n<p>Refer\u00eancia de tamanho: um tamanho de m\u00e3o de 17 cm corresponde ao tamanho L.<span style=\"color: red;\"><br \/>\n<\/span><\/p>\n","protected":false},"featured_media":80762,"template":"","meta":{"_joinchat":[]},"product_brand":[],"product_cat":[2399,345,3150,340,343],"product_tag":[3337,3146,2628],"class_list":{"0":"post-80746","1":"product","2":"type-product","3":"status-publish","4":"has-post-thumbnail","6":"product_cat-kumite-concurso","7":"product_cat-homologadas-wkf","8":"product_cat-tokaido-pt","9":"product_cat-marcas","10":"product_cat-protecoes-pt","11":"product_tag-blackfriday-club-25-pt","12":"product_tag-blackfriday-pt","13":"product_tag-club-20-pt-pt","15":"first","16":"instock","17":"taxable","18":"shipping-taxable","19":"purchasable","20":"product-type-variable"},"_links":{"self":[{"href":"https:\/\/hajimekarate.com\/pt-pt\/wp-json\/wp\/v2\/product\/80746","targetHints":{"allow":["GET"]}}],"collection":[{"href":"https:\/\/hajimekarate.com\/pt-pt\/wp-json\/wp\/v2\/product"}],"about":[{"href":"https:\/\/hajimekarate.com\/pt-pt\/wp-json\/wp\/v2\/types\/product"}],"wp:featuredmedia":[{"embeddable":true,"href":"https:\/\/hajimekarate.com\/pt-pt\/wp-json\/wp\/v2\/media\/80762"}],"wp:attachment":[{"href":"https:\/\/hajimekarate.com\/pt-pt\/wp-json\/wp\/v2\/media?parent=80746"}],"wp:term":[{"taxonomy":"product_brand","embeddable":true,"href":"https:\/\/hajimekarate.com\/pt-pt\/wp-json\/wp\/v2\/product_brand?post=80746"},{"taxonomy":"product_cat","embeddable":true,"href":"https:\/\/hajimekarate.com\/pt-pt\/wp-json\/wp\/v2\/product_cat?post=80746"},{"taxonomy":"product_tag","embeddable":true,"href":"https:\/\/hajimekarate.com\/pt-pt\/wp-json\/wp\/v2\/product_tag?post=80746"}],"curies":[{"name":"wp","href":"https:\/\/api.w.org\/{rel}","templated":true}]}}